{"id":388,"date":"2014-08-13T14:31:27","date_gmt":"2014-08-13T12:31:27","guid":{"rendered":"http:\/\/www.seencamping.de\/?page_id=388"},"modified":"2025-08-13T16:33:18","modified_gmt":"2025-08-13T14:33:18","slug":"vrije-tijd","status":"publish","type":"page","link":"https:\/\/www.seencamping.de\/nl\/vrije-tijd\/","title":{"rendered":"Vrije tijd"},"content":{"rendered":"<div id='full_slider_1'  class='avia-fullwidth-slider main_color avia-shadow   avia-builder-el-0  el_before_av_heading  avia-builder-el-first   container_wrap sidebar_right'  ><div  class='avia-slideshow av-jvpd0d12-dae641f1bff3dfab50353db2972d1938 avia-slideshow-featured av_slideshow_full avia-slide-slider av-slideshow-ui av-control-default av-slideshow-autoplay av-loop-endless av-loop-manual-endless av-default-height-applied   avia-slideshow-1' data-slideshow-options=\"{&quot;animation&quot;:&quot;slide&quot;,&quot;autoplay&quot;:true,&quot;loop_autoplay&quot;:&quot;endless&quot;,&quot;interval&quot;:4,&quot;loop_manual&quot;:&quot;manual-endless&quot;,&quot;autoplay_stopper&quot;:false,&quot;noNavigation&quot;:false,&quot;bg_slider&quot;:false,&quot;keep_padding&quot;:false,&quot;hoverpause&quot;:false,&quot;show_slide_delay&quot;:0}\"  itemprop=\"image\" itemscope=\"itemscope\" itemtype=\"https:\/\/schema.org\/ImageObject\" ><ul class='avia-slideshow-inner ' style='padding-bottom: 29.586260733802%;'><li  class='avia-slideshow-slide av-jvpd0d12-dae641f1bff3dfab50353db2972d1938__0  slide-1 slide-odd'><div data-rel='slideshow-1' class='avia-slide-wrap '   ><img decoding=\"async\" fetchpriority=\"high\" class=\"wp-image-4378 avia-img-lazy-loading-not-4378\"  src=\"https:\/\/www.seencamping.de\/wp-content\/uploads\/2019\/05\/Freizeit.jpg\" width=\"1281\" height=\"379\" title='NL Schw\u00e4bische Alb' alt=''  itemprop=\"thumbnailUrl\" srcset=\"https:\/\/www.seencamping.de\/wp-content\/uploads\/2019\/05\/Freizeit.jpg 1281w, https:\/\/www.seencamping.de\/wp-content\/uploads\/2019\/05\/Freizeit-300x89.jpg 300w, https:\/\/www.seencamping.de\/wp-content\/uploads\/2019\/05\/Freizeit-768x227.jpg 768w, https:\/\/www.seencamping.de\/wp-content\/uploads\/2019\/05\/Freizeit-1030x305.jpg 1030w, https:\/\/www.seencamping.de\/wp-content\/uploads\/2019\/05\/Freizeit-705x209.jpg 705w, https:\/\/www.seencamping.de\/wp-content\/uploads\/2019\/05\/Freizeit-450x133.jpg 450w\" sizes=\"(max-width: 1281px) 100vw, 1281px\" \/><\/div><\/li><li  class='avia-slideshow-slide av-jvpd0d12-dae641f1bff3dfab50353db2972d1938__1  slide-2 slide-even'><div data-rel='slideshow-1' class='avia-slide-wrap '   ><img decoding=\"async\" fetchpriority=\"high\" class=\"wp-image-3341 avia-img-lazy-loading-not-3341\"  src=\"https:\/\/www.seencamping.de\/wp-content\/uploads\/2016\/07\/sehensw\u00fcrdigkeiten.jpg\" width=\"1281\" height=\"379\" title='NL Kasteel Sigmaringen' alt=''  itemprop=\"thumbnailUrl\" srcset=\"https:\/\/www.seencamping.de\/wp-content\/uploads\/2016\/07\/sehensw\u00fcrdigkeiten.jpg 1281w, https:\/\/www.seencamping.de\/wp-content\/uploads\/2016\/07\/sehensw\u00fcrdigkeiten-300x89.jpg 300w, https:\/\/www.seencamping.de\/wp-content\/uploads\/2016\/07\/sehensw\u00fcrdigkeiten-768x227.jpg 768w\" sizes=\"(max-width: 1281px) 100vw, 1281px\" \/><\/div><\/li><li  class='avia-slideshow-slide av-jvpd0d12-dae641f1bff3dfab50353db2972d1938__2  slide-3 slide-odd'><div data-rel='slideshow-1' class='avia-slide-wrap '   ><img decoding=\"async\" fetchpriority=\"high\" class=\"wp-image-4386 avia-img-lazy-loading-not-4386\"  src=\"https:\/\/www.seencamping.de\/wp-content\/uploads\/2019\/05\/radfahren-1.jpg\" width=\"1281\" height=\"379\" title='NL Fietspaden' alt=''  itemprop=\"thumbnailUrl\" srcset=\"https:\/\/www.seencamping.de\/wp-content\/uploads\/2019\/05\/radfahren-1.jpg 1281w, https:\/\/www.seencamping.de\/wp-content\/uploads\/2019\/05\/radfahren-1-300x89.jpg 300w, https:\/\/www.seencamping.de\/wp-content\/uploads\/2019\/05\/radfahren-1-768x227.jpg 768w, https:\/\/www.seencamping.de\/wp-content\/uploads\/2019\/05\/radfahren-1-1030x305.jpg 1030w, https:\/\/www.seencamping.de\/wp-content\/uploads\/2019\/05\/radfahren-1-705x209.jpg 705w, https:\/\/www.seencamping.de\/wp-content\/uploads\/2019\/05\/radfahren-1-450x133.jpg 450w\" sizes=\"(max-width: 1281px) 100vw, 1281px\" \/><\/div><\/li><\/ul><div class='avia-slideshow-arrows avia-slideshow-controls' ><a href='#prev' class='prev-slide  avia-svg-icon avia-font-svg_entypo-fontello' data-av_svg_icon='left-open-big' data-av_iconset='svg_entypo-fontello' tabindex='-1' title=\"Vorige\"><svg version=\"1.1\" xmlns=\"http:\/\/www.w3.org\/2000\/svg\" width=\"15\" height=\"32\" viewBox=\"0 0 15 32\" preserveAspectRatio=\"xMidYMid meet\" aria-labelledby='av-svg-title-1' aria-describedby='av-svg-desc-1' role=\"graphics-symbol\" aria-hidden=\"true\">\n<title id='av-svg-title-1'>Vorige<\/title>\n<desc id='av-svg-desc-1'>Vorige<\/desc>\n<path d=\"M14.464 27.84q0.832 0.832 0 1.536-0.832 0.832-1.536 0l-12.544-12.608q-0.768-0.768 0-1.6l12.544-12.608q0.704-0.832 1.536 0 0.832 0.704 0 1.536l-11.456 11.904z\"><\/path>\n<\/svg><span class='avia_hidden_link_text'>Vorige<\/span><\/a><a href='#next' class='next-slide  avia-svg-icon avia-font-svg_entypo-fontello' data-av_svg_icon='right-open-big' data-av_iconset='svg_entypo-fontello' tabindex='-1' title=\"Volgende\"><svg version=\"1.1\" xmlns=\"http:\/\/www.w3.org\/2000\/svg\" width=\"15\" height=\"32\" viewBox=\"0 0 15 32\" preserveAspectRatio=\"xMidYMid meet\" aria-labelledby='av-svg-title-2' aria-describedby='av-svg-desc-2' role=\"graphics-symbol\" aria-hidden=\"true\">\n<title id='av-svg-title-2'>Volgende<\/title>\n<desc id='av-svg-desc-2'>Volgende<\/desc>\n<path d=\"M0.416 27.84l11.456-11.84-11.456-11.904q-0.832-0.832 0-1.536 0.832-0.832 1.536 0l12.544 12.608q0.768 0.832 0 1.6l-12.544 12.608q-0.704 0.832-1.536 0-0.832-0.704 0-1.536z\"><\/path>\n<\/svg><span class='avia_hidden_link_text'>Volgende<\/span><\/a><\/div><div class='avia-slideshow-dots avia-slideshow-controls'><a href='#1' class='goto-slide active' >1<\/a><a href='#2' class='goto-slide ' >2<\/a><a href='#3' class='goto-slide ' >3<\/a><\/div><\/div><\/div><div id='after_full_slider_1'  class='main_color av_default_container_wrap container_wrap sidebar_right'  ><div class='container av-section-cont-open' ><div class='template-page content  av-content-small alpha units'><div class='post-entry post-entry-type-page post-entry-388'><div class='entry-content-wrapper clearfix'>\n\n<style type=\"text\/css\" data-created_by=\"avia_inline_auto\" id=\"style-css-av-mhz90-9103cb1b12fd7301985ab57fcc2239ad\">\n#top .av-special-heading.av-mhz90-9103cb1b12fd7301985ab57fcc2239ad{\npadding-bottom:10px;\n}\nbody .av-special-heading.av-mhz90-9103cb1b12fd7301985ab57fcc2239ad .av-special-heading-tag .heading-char{\nfont-size:25px;\n}\n.av-special-heading.av-mhz90-9103cb1b12fd7301985ab57fcc2239ad .av-subheading{\nfont-size:15px;\n}\n<\/style>\n<div  class='av-special-heading av-mhz90-9103cb1b12fd7301985ab57fcc2239ad av-special-heading-h1  avia-builder-el-1  el_after_av_slideshow_full  el_before_av_two_third  avia-builder-el-first '><h1 class='av-special-heading-tag '  itemprop=\"headline\"  >Vrije tijd<\/h1><div class=\"special-heading-border\"><div class=\"special-heading-inner-border\"><\/div><\/div><\/div>\n\n<style type=\"text\/css\" data-created_by=\"avia_inline_auto\" id=\"style-css-av-rss4-43e47e8ab17395b11b4dd5875912879f\">\n.flex_column.av-rss4-43e47e8ab17395b11b4dd5875912879f{\nborder-radius:0px 0px 0px 0px;\npadding:0px 0px 0px 0px;\n}\n<\/style>\n<div  class='flex_column av-rss4-43e47e8ab17395b11b4dd5875912879f av_two_third  avia-builder-el-2  el_after_av_heading  el_before_av_one_third  first flex_column_div av-zero-column-padding  '     ><section  class='av_textblock_section av-jvpco2p8-e1c88b00ff17c3b5241e18641d7f166e '   itemscope=\"itemscope\" itemtype=\"https:\/\/schema.org\/CreativeWork\" ><div class='avia_textblock'  itemprop=\"text\" ><p>En hoe verbrengt u bij voorkeur uw vrije tijd? Wilt u gewoon aan het meer ontspannen of de omgeving met de fiets, kano of te voet ontdekken? Of de cultuurschatten bezichtigen, die de Hohenzollern in de omgeving gecre\u00eberd hebben?<\/p>\n<p>Of een wandeling of een kleine fietstocht rondom het meer, een spelletje golf in een van de vele golfclubs uit de omgeving, een bezichtigingtocht naar de kasten en burchten op Zollernalb of een excursie naar het Bodenmeer &#8211; vanaf het Ablacher meer is het in elk geval een kattensprong tot de vele vrijetijdsmogelijkheden die het Donautal, de Schw\u00e4bische Alb en het Bodenmeer te bieden hebben.<\/p>\n<\/div><\/section><\/div>\n\n<style type=\"text\/css\" data-created_by=\"avia_inline_auto\" id=\"style-css-av-4gjyc-c49da9b08e49700193c6d646cd213ca5\">\n.flex_column.av-4gjyc-c49da9b08e49700193c6d646cd213ca5{\nborder-radius:0px 0px 0px 0px;\npadding:0px 0px 0px 0px;\n}\n<\/style>\n<div  class='flex_column av-4gjyc-c49da9b08e49700193c6d646cd213ca5 av_one_third  avia-builder-el-4  el_after_av_two_third  el_before_av_two_third  flex_column_div av-zero-column-padding  '     ><section  class='av_textblock_section av-jv3vkdix-ab783f802fa94b30907e8881d6fd6f02 '   itemscope=\"itemscope\" itemtype=\"https:\/\/schema.org\/CreativeWork\" ><div class='avia_textblock'  itemprop=\"text\" ><p><img loading=\"lazy\" decoding=\"async\" class=\"alignnone size-medium wp-image-1614\" src=\"https:\/\/www.seencamping.de\/wp-content\/uploads\/2017\/03\/Logo_seencamping_Nov16.jpg\" alt=\"\" width=\"101\" height=\"113\" \/><\/p>\n<p>Ablacher Stra\u00dfe 4<br \/>\n72505 Krauchenwies<br \/>\nDuitsland<\/p>\n<\/div><\/section><\/div>\n\n<style type=\"text\/css\" data-created_by=\"avia_inline_auto\" id=\"style-css-av-czx7g-6fbbcb0cdb5e198035043ec14b1ecf7a\">\n.flex_column.av-czx7g-6fbbcb0cdb5e198035043ec14b1ecf7a{\nborder-radius:0px 0px 0px 0px;\npadding:0px 0px 0px 0px;\n}\n<\/style>\n<div  class='flex_column av-czx7g-6fbbcb0cdb5e198035043ec14b1ecf7a av_two_third  avia-builder-el-6  el_after_av_one_third  el_before_av_one_third  first flex_column_div av-zero-column-padding  column-top-margin'     ><div id='av-masonry-1' class='av-masonry av-jvpcyhve-360773c6a0ca9eae143cd13d7724e178 noHover av-fixed-size av-1px-gap av-hover-overlay- av-masonry-animation- av-masonry-col-2 av-caption-always av-caption-style- av-masonry-gallery ' data-post_id=\"388\"><div class=\"av-masonry-container isotope av-js-disabled\"><div class='av-masonry-entry isotope-item av-masonry-item-no-image '><\/div><a href=\"https:\/\/www.seencamping.de\/nl\/vrije-tijd\/aktivitaeten\/\"  aria-label=\"afbeelding NL Seencamping\"  target=\"_blank\" rel=\"noopener noreferrer\" id='av-masonry-1-item-3185' data-av-masonry-item='3185' class='av-masonry-entry isotope-item post-3185 attachment type-attachment status-inherit hentry  av-masonry-item-with-image' title=\"NL Seencamping\" alt=\"\"  data-av-masonry-custom-link=\"https:\/\/www.seencamping.de\/nl\/vrije-tijd\/aktivitaeten\/\"  itemprop=\"thumbnailUrl\" ><div class='av-inner-masonry-sizer'><\/div><figure class='av-inner-masonry main_color'><div class=\"av-masonry-outerimage-container\"><div class='av-masonry-image-container' style=\"background-image: url(https:\/\/www.seencamping.de\/wp-content\/uploads\/2016\/05\/seencamping11.jpg);\"  title=\"NL Seencamping\" ><\/div><\/div><figcaption class='av-inner-masonry-content site-background'><div class='av-inner-masonry-content-pos'><div class='av-inner-masonry-content-pos-content'><div class='avia-arrow'><\/div><div class='av-masonry-entry-content entry-content'  itemprop=\"text\" >Zwemmen<\/div><\/div><\/div><\/figcaption><\/figure><\/a><!--end av-masonry entry--><a href=\"https:\/\/www.seencamping.de\/nl\/vrije-tijd\/aktivitaeten\/\"  aria-label=\"afbeelding NL Fietspaden\"  target=\"_blank\" rel=\"noopener noreferrer\" id='av-masonry-1-item-4589' data-av-masonry-item='4589' class='av-masonry-entry isotope-item post-4589 attachment type-attachment status-inherit hentry  av-masonry-item-with-image' title=\"NL Fietspaden\" alt=\"\"  data-av-masonry-custom-link=\"https:\/\/www.seencamping.de\/nl\/vrije-tijd\/aktivitaeten\/\"  itemprop=\"thumbnailUrl\" ><div class='av-inner-masonry-sizer'><\/div><figure class='av-inner-masonry main_color'><div class=\"av-masonry-outerimage-container\"><div class='av-masonry-image-container' style=\"background-image: url(https:\/\/www.seencamping.de\/wp-content\/uploads\/2019\/05\/impressionen11-705x523.png);\"  title=\"NL Fietspaden\" ><\/div><\/div><figcaption class='av-inner-masonry-content site-background'><div class='av-inner-masonry-content-pos'><div class='av-inner-masonry-content-pos-content'><div class='avia-arrow'><\/div><div class='av-masonry-entry-content entry-content'  itemprop=\"text\" >Fietsrouten<\/div><\/div><\/div><\/figcaption><\/figure><\/a><!--end av-masonry entry--><a href=\"https:\/\/www.seencamping.de\/nl\/vrije-tijd\/aktivitaeten\/\"  aria-label=\"afbeelding NL Kasteel Sigmaringen\"  target=\"_blank\" rel=\"noopener noreferrer\" id='av-masonry-1-item-3632' data-av-masonry-item='3632' class='av-masonry-entry isotope-item post-3632 attachment type-attachment status-inherit hentry  av-masonry-item-with-image' title=\"NL Kasteel Sigmaringen\" alt=\"\"  data-av-masonry-custom-link=\"https:\/\/www.seencamping.de\/nl\/vrije-tijd\/aktivitaeten\/\"  itemprop=\"thumbnailUrl\" ><div class='av-inner-masonry-sizer'><\/div><figure class='av-inner-masonry main_color'><div class=\"av-masonry-outerimage-container\"><div class='av-masonry-image-container' style=\"background-image: url(https:\/\/www.seencamping.de\/wp-content\/uploads\/2018\/04\/impressionen_41.jpg);\"  title=\"NL Kasteel Sigmaringen\" ><\/div><\/div><figcaption class='av-inner-masonry-content site-background'><div class='av-inner-masonry-content-pos'><div class='av-inner-masonry-content-pos-content'><div class='avia-arrow'><\/div><div class='av-masonry-entry-content entry-content'  itemprop=\"text\" >Bezichtingen<\/div><\/div><\/div><\/figcaption><\/figure><\/a><!--end av-masonry entry--><a href=\"https:\/\/www.seencamping.de\/nl\/vrije-tijd\/aktivitaeten\/\"  aria-label=\"afbeelding NL mainau_spring-87013_1920\"  target=\"_blank\" rel=\"noopener noreferrer\" id='av-masonry-1-item-3886' data-av-masonry-item='3886' class='av-masonry-entry isotope-item post-3886 attachment type-attachment status-inherit hentry  av-masonry-item-with-image' title=\"NL mainau_spring-87013_1920\" alt=\"\"  data-av-masonry-custom-link=\"https:\/\/www.seencamping.de\/nl\/vrije-tijd\/aktivitaeten\/\"  itemprop=\"thumbnailUrl\" ><div class='av-inner-masonry-sizer'><\/div><figure class='av-inner-masonry main_color'><div class=\"av-masonry-outerimage-container\"><div class='av-masonry-image-container' style=\"background-image: url(https:\/\/www.seencamping.de\/wp-content\/uploads\/2019\/04\/mainau_spring-87013_1920-705x470.jpg);\"  title=\"NL mainau_spring-87013_1920\" ><\/div><\/div><figcaption class='av-inner-masonry-content site-background'><div class='av-inner-masonry-content-pos'><div class='av-inner-masonry-content-pos-content'><div class='avia-arrow'><\/div><div class='av-masonry-entry-content entry-content'  itemprop=\"text\" >Excursies<\/div><\/div><\/div><\/figcaption><\/figure><\/a><!--end av-masonry entry--><\/div><\/div><\/div>\n\n<style type=\"text\/css\" data-created_by=\"avia_inline_auto\" id=\"style-css-av-9xsp8-c465164d24e1faa5065a61ecf742c894\">\n.flex_column.av-9xsp8-c465164d24e1faa5065a61ecf742c894{\nborder-radius:0px 0px 0px 0px;\npadding:0px 0px 0px 0px;\n}\n<\/style>\n<div  class='flex_column av-9xsp8-c465164d24e1faa5065a61ecf742c894 av_one_third  avia-builder-el-8  el_after_av_two_third  avia-builder-el-last  flex_column_div av-zero-column-padding  column-top-margin'     ><p>\n<style type=\"text\/css\" data-created_by=\"avia_inline_auto\" id=\"style-css-av-av_icon_box-7bbe08184bfff106cbf61baf1108c32d\">\n.iconbox.av-av_icon_box-7bbe08184bfff106cbf61baf1108c32d .iconbox_icon{\nbackground-color:#26b2d1;\ncolor:#ffffff;\n}\n.iconbox.av-av_icon_box-7bbe08184bfff106cbf61baf1108c32d .iconbox_icon.avia-svg-icon svg:first-child{\nfill:#ffffff;\nstroke:#ffffff;\n}\n<\/style>\n<article  class='iconbox iconbox_left av-av_icon_box-7bbe08184bfff106cbf61baf1108c32d  avia-builder-el-9  el_before_av_icon_box  avia-builder-el-first '  itemscope=\"itemscope\" itemtype=\"https:\/\/schema.org\/CreativeWork\" ><div class=\"iconbox_content\"><header class=\"entry-content-header\" aria-label=\"Icoon: \"><div class='iconbox_icon heading-color avia-iconfont avia-font-entypo-fontello' data-av_icon='\ue854' data-av_iconfont='entypo-fontello'  ><\/div><\/header><div class='iconbox_content_container '  itemprop=\"text\" ><p><a href=\"tel:+4975769615706\" target=\"_blank\" rel=\"noopener\"><span style=\"color: #000000;\">+49 (0)7576 \/ 96 15 706<\/span><\/a><\/p>\n<\/div><\/div><footer class=\"entry-footer\"><\/footer><\/article><br \/>\n\n<style type=\"text\/css\" data-created_by=\"avia_inline_auto\" id=\"style-css-av-av_icon_box-a475fc0230a11f38379aee2addab075e\">\n.iconbox.av-av_icon_box-a475fc0230a11f38379aee2addab075e .iconbox_icon{\nbackground-color:#26b2d1;\ncolor:#ffffff;\n}\n.iconbox.av-av_icon_box-a475fc0230a11f38379aee2addab075e .iconbox_icon.avia-svg-icon svg:first-child{\nfill:#ffffff;\nstroke:#ffffff;\n}\n.iconbox.av-av_icon_box-a475fc0230a11f38379aee2addab075e .iconbox_content_container{\ncolor:#000000;\n}\n<\/style>\n<article  class='iconbox iconbox_left av-av_icon_box-a475fc0230a11f38379aee2addab075e  avia-builder-el-10  el_after_av_icon_box  avia-builder-el-last '  itemscope=\"itemscope\" itemtype=\"https:\/\/schema.org\/CreativeWork\" ><div class=\"iconbox_content\"><header class=\"entry-content-header\" aria-label=\"Icoon: \"><div class='iconbox_icon heading-color avia-iconfont avia-font-entypo-fontello' data-av_icon='\ue805' data-av_iconfont='entypo-fontello'  ><\/div><\/header><div class='iconbox_content_container av_inherit_color'  itemprop=\"text\" ><p><a href=\"mailto:info@seencamping.de\">info@seencamping.de<\/a><\/p>\n<\/div><\/div><footer class=\"entry-footer\"><\/footer><\/article><\/p><\/div>\n","protected":false},"excerpt":{"rendered":"","protected":false},"author":8,"featured_media":0,"parent":0,"menu_order":3,"comment_status":"open","ping_status":"open","template":"","meta":{"footnotes":""},"class_list":["post-388","page","type-page","status-publish","hentry"],"yoast_head":"<!-- This site is optimized with the Yoast SEO plugin v27.2 - https:\/\/yoast.com\/product\/yoast-seo-wordpress\/ -->\n<title>Vrije tijd - Seencamping Krauchenwies<\/title>\n<meta name=\"description\" content=\"Freizeit gro\u00df geschrieben. Vom Seencamping ist es ein Katzensprung zu den vielen Freizeitm\u00f6glichkeiten, die Donautal, Schw\u00e4bische Alb und der Bodensee zu bieten haben.\" \/>\n<meta name=\"robots\" content=\"index, follow, max-snippet:-1, max-image-preview:large, max-video-preview:-1\" \/>\n<link rel=\"canonical\" href=\"https:\/\/www.seencamping.de\/nl\/vrije-tijd\/\" \/>\n<meta property=\"og:locale\" content=\"nl_NL\" \/>\n<meta property=\"og:type\" content=\"article\" \/>\n<meta property=\"og:title\" content=\"Vrije tijd - Seencamping Krauchenwies\" \/>\n<meta property=\"og:description\" content=\"Freizeit gro\u00df geschrieben. Vom Seencamping ist es ein Katzensprung zu den vielen Freizeitm\u00f6glichkeiten, die Donautal, Schw\u00e4bische Alb und der Bodensee zu bieten haben.\" \/>\n<meta property=\"og:url\" content=\"https:\/\/www.seencamping.de\/nl\/vrije-tijd\/\" \/>\n<meta property=\"og:site_name\" content=\"Seencamping Krauchenwies\" \/>\n<meta property=\"article:publisher\" content=\"https:\/\/www.facebook.com\/pages\/Seencamping-Krauchenwies\/1450470331923154?fref=ts\" \/>\n<meta property=\"article:modified_time\" content=\"2025-08-13T14:33:18+00:00\" \/>\n<meta name=\"twitter:label1\" content=\"Geschatte leestijd\" \/>\n\t<meta name=\"twitter:data1\" content=\"2 minuten\" \/>\n<script type=\"application\/ld+json\" class=\"yoast-schema-graph\">{\"@context\":\"https:\/\/schema.org\",\"@graph\":[{\"@type\":\"WebPage\",\"@id\":\"https:\/\/www.seencamping.de\/nl\/vrije-tijd\/\",\"url\":\"https:\/\/www.seencamping.de\/nl\/vrije-tijd\/\",\"name\":\"Vrije tijd - Seencamping Krauchenwies\",\"isPartOf\":{\"@id\":\"https:\/\/www.seencamping.de\/fr\/#website\"},\"primaryImageOfPage\":{\"@id\":\"https:\/\/www.seencamping.de\/nl\/vrije-tijd\/#primaryimage\"},\"image\":{\"@id\":\"https:\/\/www.seencamping.de\/nl\/vrije-tijd\/#primaryimage\"},\"thumbnailUrl\":\"https:\/\/www.seencamping.de\/wp-content\/uploads\/2017\/03\/Logo_seencamping_Nov16.jpg\",\"datePublished\":\"2014-08-13T12:31:27+00:00\",\"dateModified\":\"2025-08-13T14:33:18+00:00\",\"description\":\"Freizeit gro\u00df geschrieben. Vom Seencamping ist es ein Katzensprung zu den vielen Freizeitm\u00f6glichkeiten, die Donautal, Schw\u00e4bische Alb und der Bodensee zu bieten haben.\",\"breadcrumb\":{\"@id\":\"https:\/\/www.seencamping.de\/nl\/vrije-tijd\/#breadcrumb\"},\"inLanguage\":\"nl-NL\",\"potentialAction\":[{\"@type\":\"ReadAction\",\"target\":[\"https:\/\/www.seencamping.de\/nl\/vrije-tijd\/\"]}]},{\"@type\":\"ImageObject\",\"inLanguage\":\"nl-NL\",\"@id\":\"https:\/\/www.seencamping.de\/nl\/vrije-tijd\/#primaryimage\",\"url\":\"https:\/\/www.seencamping.de\/wp-content\/uploads\/2017\/03\/Logo_seencamping_Nov16.jpg\",\"contentUrl\":\"https:\/\/www.seencamping.de\/wp-content\/uploads\/2017\/03\/Logo_seencamping_Nov16.jpg\"},{\"@type\":\"BreadcrumbList\",\"@id\":\"https:\/\/www.seencamping.de\/nl\/vrije-tijd\/#breadcrumb\",\"itemListElement\":[{\"@type\":\"ListItem\",\"position\":1,\"name\":\"Home\",\"item\":\"https:\/\/www.seencamping.de\/nl\/\"},{\"@type\":\"ListItem\",\"position\":2,\"name\":\"Vrije tijd\"}]},{\"@type\":\"WebSite\",\"@id\":\"https:\/\/www.seencamping.de\/fr\/#website\",\"url\":\"https:\/\/www.seencamping.de\/fr\/\",\"name\":\"Seencamping Krauchenwies\",\"description\":\"Urlaub am Ablacher See auf der Schw\u00e4bischen Alb\",\"potentialAction\":[{\"@type\":\"SearchAction\",\"target\":{\"@type\":\"EntryPoint\",\"urlTemplate\":\"https:\/\/www.seencamping.de\/fr\/?s={search_term_string}\"},\"query-input\":{\"@type\":\"PropertyValueSpecification\",\"valueRequired\":true,\"valueName\":\"search_term_string\"}}],\"inLanguage\":\"nl-NL\"}]}<\/script>\n<!-- \/ Yoast SEO plugin. -->","yoast_head_json":{"title":"Vrije tijd - Seencamping Krauchenwies","description":"Freizeit gro\u00df geschrieben. Vom Seencamping ist es ein Katzensprung zu den vielen Freizeitm\u00f6glichkeiten, die Donautal, Schw\u00e4bische Alb und der Bodensee zu bieten haben.","robots":{"index":"index","follow":"follow","max-snippet":"max-snippet:-1","max-image-preview":"max-image-preview:large","max-video-preview":"max-video-preview:-1"},"canonical":"https:\/\/www.seencamping.de\/nl\/vrije-tijd\/","og_locale":"nl_NL","og_type":"article","og_title":"Vrije tijd - Seencamping Krauchenwies","og_description":"Freizeit gro\u00df geschrieben. Vom Seencamping ist es ein Katzensprung zu den vielen Freizeitm\u00f6glichkeiten, die Donautal, Schw\u00e4bische Alb und der Bodensee zu bieten haben.","og_url":"https:\/\/www.seencamping.de\/nl\/vrije-tijd\/","og_site_name":"Seencamping Krauchenwies","article_publisher":"https:\/\/www.facebook.com\/pages\/Seencamping-Krauchenwies\/1450470331923154?fref=ts","article_modified_time":"2025-08-13T14:33:18+00:00","twitter_misc":{"Geschatte leestijd":"2 minuten"},"schema":{"@context":"https:\/\/schema.org","@graph":[{"@type":"WebPage","@id":"https:\/\/www.seencamping.de\/nl\/vrije-tijd\/","url":"https:\/\/www.seencamping.de\/nl\/vrije-tijd\/","name":"Vrije tijd - Seencamping Krauchenwies","isPartOf":{"@id":"https:\/\/www.seencamping.de\/fr\/#website"},"primaryImageOfPage":{"@id":"https:\/\/www.seencamping.de\/nl\/vrije-tijd\/#primaryimage"},"image":{"@id":"https:\/\/www.seencamping.de\/nl\/vrije-tijd\/#primaryimage"},"thumbnailUrl":"https:\/\/www.seencamping.de\/wp-content\/uploads\/2017\/03\/Logo_seencamping_Nov16.jpg","datePublished":"2014-08-13T12:31:27+00:00","dateModified":"2025-08-13T14:33:18+00:00","description":"Freizeit gro\u00df geschrieben. Vom Seencamping ist es ein Katzensprung zu den vielen Freizeitm\u00f6glichkeiten, die Donautal, Schw\u00e4bische Alb und der Bodensee zu bieten haben.","breadcrumb":{"@id":"https:\/\/www.seencamping.de\/nl\/vrije-tijd\/#breadcrumb"},"inLanguage":"nl-NL","potentialAction":[{"@type":"ReadAction","target":["https:\/\/www.seencamping.de\/nl\/vrije-tijd\/"]}]},{"@type":"ImageObject","inLanguage":"nl-NL","@id":"https:\/\/www.seencamping.de\/nl\/vrije-tijd\/#primaryimage","url":"https:\/\/www.seencamping.de\/wp-content\/uploads\/2017\/03\/Logo_seencamping_Nov16.jpg","contentUrl":"https:\/\/www.seencamping.de\/wp-content\/uploads\/2017\/03\/Logo_seencamping_Nov16.jpg"},{"@type":"BreadcrumbList","@id":"https:\/\/www.seencamping.de\/nl\/vrije-tijd\/#breadcrumb","itemListElement":[{"@type":"ListItem","position":1,"name":"Home","item":"https:\/\/www.seencamping.de\/nl\/"},{"@type":"ListItem","position":2,"name":"Vrije tijd"}]},{"@type":"WebSite","@id":"https:\/\/www.seencamping.de\/fr\/#website","url":"https:\/\/www.seencamping.de\/fr\/","name":"Seencamping Krauchenwies","description":"Urlaub am Ablacher See auf der Schw\u00e4bischen Alb","potentialAction":[{"@type":"SearchAction","target":{"@type":"EntryPoint","urlTemplate":"https:\/\/www.seencamping.de\/fr\/?s={search_term_string}"},"query-input":{"@type":"PropertyValueSpecification","valueRequired":true,"valueName":"search_term_string"}}],"inLanguage":"nl-NL"}]}},"_links":{"self":[{"href":"https:\/\/www.seencamping.de\/nl\/wp-json\/wp\/v2\/pages\/388","targetHints":{"allow":["GET"]}}],"collection":[{"href":"https:\/\/www.seencamping.de\/nl\/wp-json\/wp\/v2\/pages"}],"about":[{"href":"https:\/\/www.seencamping.de\/nl\/wp-json\/wp\/v2\/types\/page"}],"author":[{"embeddable":true,"href":"https:\/\/www.seencamping.de\/nl\/wp-json\/wp\/v2\/users\/8"}],"replies":[{"embeddable":true,"href":"https:\/\/www.seencamping.de\/nl\/wp-json\/wp\/v2\/comments?post=388"}],"version-history":[{"count":5,"href":"https:\/\/www.seencamping.de\/nl\/wp-json\/wp\/v2\/pages\/388\/revisions"}],"predecessor-version":[{"id":14846,"href":"https:\/\/www.seencamping.de\/nl\/wp-json\/wp\/v2\/pages\/388\/revisions\/14846"}],"wp:attachment":[{"href":"https:\/\/www.seencamping.de\/nl\/wp-json\/wp\/v2\/media?parent=388"}],"curies":[{"name":"wp","href":"https:\/\/api.w.org\/{rel}","templated":true}]}}