{"id":2366,"date":"2017-08-23T15:33:32","date_gmt":"2017-08-23T13:33:32","guid":{"rendered":"https:\/\/www.seencamping.de\/?page_id=2366\/"},"modified":"2025-08-13T17:32:05","modified_gmt":"2025-08-13T15:32:05","slug":"telechargements","status":"publish","type":"page","link":"https:\/\/www.seencamping.de\/fr\/telechargements\/","title":{"rendered":"T\u00e9l\u00e9chargements"},"content":{"rendered":"<div id='full_slider_1'  class='avia-fullwidth-slider main_color avia-shadow   avia-builder-el-0  el_before_av_heading  avia-builder-el-first   container_wrap sidebar_right'  ><div  class='avia-slideshow av-jvp9eray-0dbdd47cdb5de1d965194e342b3b748f avia-slideshow-featured av_slideshow_full avia-slide-slider av-slideshow-ui av-control-default av-slideshow-manual av-loop-once av-loop-manual-endless av-default-height-applied   avia-slideshow-1' data-slideshow-options=\"{&quot;animation&quot;:&quot;slide&quot;,&quot;autoplay&quot;:false,&quot;loop_autoplay&quot;:&quot;once&quot;,&quot;interval&quot;:5,&quot;loop_manual&quot;:&quot;manual-endless&quot;,&quot;autoplay_stopper&quot;:false,&quot;noNavigation&quot;:false,&quot;bg_slider&quot;:false,&quot;keep_padding&quot;:false,&quot;hoverpause&quot;:false,&quot;show_slide_delay&quot;:0}\"  itemprop=\"image\" itemscope=\"itemscope\" itemtype=\"https:\/\/schema.org\/ImageObject\" ><ul class='avia-slideshow-inner ' style='padding-bottom: 33.725490196078%;'><li  class='avia-slideshow-slide av-jvp9eray-0dbdd47cdb5de1d965194e342b3b748f__0  av-single-slide slide-1 slide-odd'><div data-rel='slideshow-1' class='avia-slide-wrap '   ><img decoding=\"async\" fetchpriority=\"high\" class=\"wp-image-3259 avia-img-lazy-loading-not-3259\"  src=\"https:\/\/www.seencamping.de\/wp-content\/uploads\/2016\/07\/Seencamping22.jpg\" width=\"1275\" height=\"430\" title='FR Seencamping' alt=''  itemprop=\"thumbnailUrl\" srcset=\"https:\/\/www.seencamping.de\/wp-content\/uploads\/2016\/07\/Seencamping22.jpg 1500w, https:\/\/www.seencamping.de\/wp-content\/uploads\/2016\/07\/Seencamping22-300x101.jpg 300w, https:\/\/www.seencamping.de\/wp-content\/uploads\/2016\/07\/Seencamping22-768x259.jpg 768w\" sizes=\"(max-width: 1275px) 100vw, 1275px\" \/><\/div><\/li><\/ul><\/div><\/div><div id='after_full_slider_1'  class='main_color av_default_container_wrap container_wrap sidebar_right'  ><div class='container av-section-cont-open' ><div class='template-page content  av-content-small alpha units'><div class='post-entry post-entry-type-page post-entry-2366'><div class='entry-content-wrapper clearfix'>\n\n<style type=\"text\/css\" data-created_by=\"avia_inline_auto\" id=\"style-css-av-241qxa-9cc723a6707dbaae7495cb43715d5a9e\">\n#top .av-special-heading.av-241qxa-9cc723a6707dbaae7495cb43715d5a9e{\npadding-bottom:30px;\n}\nbody .av-special-heading.av-241qxa-9cc723a6707dbaae7495cb43715d5a9e .av-special-heading-tag .heading-char{\nfont-size:25px;\n}\n.av-special-heading.av-241qxa-9cc723a6707dbaae7495cb43715d5a9e .av-subheading{\nfont-size:15px;\n}\n<\/style>\n<div  class='av-special-heading av-241qxa-9cc723a6707dbaae7495cb43715d5a9e av-special-heading-h1  avia-builder-el-1  el_after_av_slideshow_full  el_before_av_one_third  avia-builder-el-first  av-linked-heading'><h1 class='av-special-heading-tag '  itemprop=\"headline\"  >T\u00e9l\u00e9chargements<\/h1><div class=\"special-heading-border\"><div class=\"special-heading-inner-border\"><\/div><\/div><\/div>\n\n<style type=\"text\/css\" data-created_by=\"avia_inline_auto\" id=\"style-css-av-47dq2x-62bf7b65ba3d6b672b993f6fb549194f\">\n.flex_column.av-47dq2x-62bf7b65ba3d6b672b993f6fb549194f{\nborder-radius:0px 0px 0px 0px;\npadding:0px 0px 0px 0px;\n}\n<\/style>\n<div  class='flex_column av-47dq2x-62bf7b65ba3d6b672b993f6fb549194f av_one_third  avia-builder-el-2  el_after_av_heading  el_before_av_one_third  first flex_column_div av-zero-column-padding  '     ><p><div  class='avia-button-wrap av-jvp8pzen-623e3f64ef55ccb393e3f25cea79dc5e-wrap avia-button-left  avia-builder-el-3  el_before_av_button  avia-builder-el-first '><a href='https:\/\/www.seencamping.de\/wp-content\/uploads\/2021\/06\/Flyer_Seencamping_frz_Jun21-2.pdf'  class='avia-button av-jvp8pzen-623e3f64ef55ccb393e3f25cea79dc5e av-link-btn avia-icon_select-no avia-size-x-large avia-position-left avia-color-theme-color'  target=\"_blank\"  rel=\"noopener noreferrer\"  aria-label=\"Brochure\"><span class='avia_iconbox_title' >Brochure<\/span><\/a><\/div><br \/>\n<div  class='avia-button-wrap av-jvp8pzen-7-e3826e667d10c43e3d5b1eb996c1a7eb-wrap avia-button-left  avia-builder-el-4  el_after_av_button  el_before_av_button '><a href='https:\/\/www.seencamping.de\/wp-content\/uploads\/2025\/07\/Stellplatzplan_Ablach_Juni25.pdf'  class='avia-button av-jvp8pzen-7-e3826e667d10c43e3d5b1eb996c1a7eb av-link-btn avia-icon_select-no avia-size-x-large avia-position-left avia-color-theme-color'  target=\"_blank\"  rel=\"noopener noreferrer\"  aria-label=\"Plan du camping\"><span class='avia_iconbox_title' >Plan du camping<\/span><\/a><\/div><br \/>\n<div  class='avia-button-wrap av-jvp8pzen-6-f52201fc461d53b0810b5c2047740a56-wrap avia-button-left  avia-builder-el-5  el_after_av_button  el_before_av_button '><a href='https:\/\/www.seencamping.de\/wp-content\/uploads\/2018\/08\/Campingplatzordnung-08.2018_Seencamping-7.8.18_final.pdf'  class='avia-button av-jvp8pzen-6-f52201fc461d53b0810b5c2047740a56 av-link-btn avia-icon_select-no avia-size-x-large avia-position-left avia-color-theme-color'  target=\"_blank\"  rel=\"noopener noreferrer\"  aria-label=\"R\u00e8glement du camping\"><span class='avia_iconbox_title' >R\u00e8glement du camping<\/span><\/a><\/div><br \/>\n<div  class='avia-button-wrap av-jvp8pzen-5-b0b598e474d9f7e6f9de666ceb3bdb4a-wrap avia-button-left  avia-builder-el-6  el_after_av_button  el_before_av_button '><a href='https:\/\/www.seencamping.de\/wp-content\/uploads\/2021\/02\/Booking-Terms-and-Conditions-Seencamping-Krauchenwies-V-01_21_final-engl.pdf'  class='avia-button av-jvp8pzen-5-b0b598e474d9f7e6f9de666ceb3bdb4a av-link-btn avia-icon_select-no avia-size-x-large avia-position-left avia-color-theme-color'  target=\"_blank\"  rel=\"noopener noreferrer\"  aria-label=\"Conditions de location\"><span class='avia_iconbox_title' >Conditions de location<\/span><\/a><\/div><br \/>\n<div  class='avia-button-wrap av-jvp8pzen-4-c544587f82757be92532bde15aa91600-wrap avia-button-left  avia-builder-el-7  el_after_av_button  el_before_av_button '><a href='https:\/\/www.seencamping.de\/wp-content\/uploads\/2018\/04\/N%C3%BCtzliche_Adressen.pdf'  class='avia-button av-jvp8pzen-4-c544587f82757be92532bde15aa91600 av-link-btn avia-icon_select-no avia-size-x-large avia-position-left avia-color-theme-color'  target=\"_blank\"  rel=\"noopener noreferrer\"  aria-label=\"Adresses utiles\"><span class='avia_iconbox_title' >Adresses utiles<\/span><\/a><\/div><br \/>\n<div  class='avia-button-wrap av-jvp8pzen-3-a9ed216642af37365d012760b3a62be4-wrap avia-button-left  avia-builder-el-8  el_after_av_button  avia-builder-el-last '><a href='https:\/\/www.seencamping.de\/wp-content\/uploads\/2019\/05\/Infografik-Hunde-auf-dem-Campingplatz.pdf'  class='avia-button av-jvp8pzen-3-a9ed216642af37365d012760b3a62be4 av-link-btn avia-icon_select-no avia-size-x-large avia-position-left avia-color-theme-color'  target=\"_blank\"  rel=\"noopener noreferrer\"  aria-label=\"Informations propri\u00e9taires de chiens\"><span class='avia_iconbox_title' >Informations propri\u00e9taires de chiens<\/span><\/a><\/div><\/p><\/div>\n\n<style type=\"text\/css\" data-created_by=\"avia_inline_auto\" id=\"style-css-av-26y4mh-90679b6619e6e3541bc8dd14e64402f0\">\n.flex_column.av-26y4mh-90679b6619e6e3541bc8dd14e64402f0{\nborder-radius:0px 0px 0px 0px;\npadding:0px 0px 0px 0px;\n}\n<\/style>\n<div  class='flex_column av-26y4mh-90679b6619e6e3541bc8dd14e64402f0 av_one_third  avia-builder-el-9  el_after_av_one_third  el_before_av_one_third  flex_column_div av-zero-column-padding  '     ><style type=\"text\/css\" data-created_by=\"avia_inline_auto\" id=\"style-css-av-jv3vu1rx-a81522a873ca6e904bcf9c96e7d87828\">\n.iconbox.av-jv3vu1rx-a81522a873ca6e904bcf9c96e7d87828 .iconbox_icon{\nbackground-color:#26b2d1;\ncolor:#ffffff;\n}\n.iconbox.av-jv3vu1rx-a81522a873ca6e904bcf9c96e7d87828 .iconbox_icon.avia-svg-icon svg:first-child{\nfill:#ffffff;\nstroke:#ffffff;\n}\n<\/style>\n<article  class='iconbox iconbox_top av-jv3vu1rx-a81522a873ca6e904bcf9c96e7d87828  avia-builder-el-10  avia-builder-el-no-sibling  main_color'  itemscope=\"itemscope\" itemtype=\"https:\/\/schema.org\/CreativeWork\" ><div class=\"iconbox_content\"><header class=\"entry-content-header\" aria-label=\"Ic\u00f4ne : Au bord du lac\"><div class='iconbox_icon heading-color avia-iconfont avia-font-entypo-fontello' data-av_icon='\ue833' data-av_iconfont='entypo-fontello'  ><\/div><h3 class='iconbox_content_title '  itemprop=\"headline\" >Au bord du lac<\/h3><\/header><div class='iconbox_content_container '  itemprop=\"text\" ><p style=\"text-align: left;\">Camping bien entretenu, sanitaires tr\u00e8s propres, situ\u00e9s directement au bord d&rsquo;un petit lac propre avec pelouse et terrains de jeux, nous y sommes all\u00e9s plusieurs fois et reviendrons avec plaisir.<\/p>\n<h6 style=\"text-align: left;\">Maik Wolfer, juin 2019<\/h6>\n<\/div><\/div><footer class=\"entry-footer\"><\/footer><\/article><\/div>\n\n<style type=\"text\/css\" data-created_by=\"avia_inline_auto\" id=\"style-css-av-4gjyc-c49da9b08e49700193c6d646cd213ca5\">\n.flex_column.av-4gjyc-c49da9b08e49700193c6d646cd213ca5{\nborder-radius:0px 0px 0px 0px;\npadding:0px 0px 0px 0px;\n}\n<\/style>\n<div  class='flex_column av-4gjyc-c49da9b08e49700193c6d646cd213ca5 av_one_third  avia-builder-el-11  el_after_av_one_third  avia-builder-el-last  flex_column_div av-zero-column-padding  '     ><p><div  class='avia-buttonrow-wrap av-jv3vee3d-ea2eadbd6c8b7682cc77e10e5ce7130c avia-buttonrow-left  avia-builder-el-12  el_before_av_textblock  avia-builder-el-first '>\n\n<style type=\"text\/css\" data-created_by=\"avia_inline_auto\" id=\"style-css-av-1zzkku-458bdc49309acb0977cc7f90e21a063f\">\n#top #wrap_all .avia-button.av-1zzkku-458bdc49309acb0977cc7f90e21a063f{\nmargin-bottom:20px;\nmargin-right:20px;\n}\n<\/style>\n<a href='https:\/\/www.seencamping.de\/fr\/contact\/'  class='avia-button av-1zzkku-458bdc49309acb0977cc7f90e21a063f avia-icon_select-no avia-size-large avia-color-theme-color'  target=\"_blank\"  rel=\"noopener noreferrer\"  aria-label=\"Informations et r\u00e9servation\"><span class='avia_iconbox_title' >Informations et r\u00e9servation<\/span><\/a>\n<\/div><br \/>\n<section  class='av_textblock_section av-jv3vkdix-ab783f802fa94b30907e8881d6fd6f02 '   itemscope=\"itemscope\" itemtype=\"https:\/\/schema.org\/CreativeWork\" ><div class='avia_textblock'  itemprop=\"text\" ><p><img loading=\"lazy\" decoding=\"async\" class=\"alignnone size-medium wp-image-1614\" src=\"https:\/\/www.seencamping.de\/wp-content\/uploads\/2017\/03\/Logo_seencamping_Nov16.jpg\" alt=\"\" width=\"101\" height=\"113\" \/><\/p>\n<p>Ablacher Stra\u00dfe 4<br \/>\n72505 Krauchenwies<br \/>\nAllemagne<\/p>\n<\/div><\/section><br \/>\n\n<style type=\"text\/css\" data-created_by=\"avia_inline_auto\" id=\"style-css-av-jv3vlh85-97882be0e42bb0ef2da39d4e40012d37\">\n#top .hr.hr-invisible.av-jv3vlh85-97882be0e42bb0ef2da39d4e40012d37{\nheight:20px;\n}\n<\/style>\n<div  class='hr av-jv3vlh85-97882be0e42bb0ef2da39d4e40012d37 hr-invisible  avia-builder-el-14  el_after_av_textblock  el_before_av_icon_box '><span class='hr-inner '><span class=\"hr-inner-style\"><\/span><\/span><\/div><br \/>\n\n<style type=\"text\/css\" data-created_by=\"avia_inline_auto\" id=\"style-css-av-av_icon_box-7bbe08184bfff106cbf61baf1108c32d\">\n.iconbox.av-av_icon_box-7bbe08184bfff106cbf61baf1108c32d .iconbox_icon{\nbackground-color:#26b2d1;\ncolor:#ffffff;\n}\n.iconbox.av-av_icon_box-7bbe08184bfff106cbf61baf1108c32d .iconbox_icon.avia-svg-icon svg:first-child{\nfill:#ffffff;\nstroke:#ffffff;\n}\n<\/style>\n<article  class='iconbox iconbox_left av-av_icon_box-7bbe08184bfff106cbf61baf1108c32d  avia-builder-el-15  el_after_av_hr  el_before_av_icon_box '  itemscope=\"itemscope\" itemtype=\"https:\/\/schema.org\/CreativeWork\" ><div class=\"iconbox_content\"><header class=\"entry-content-header\" aria-label=\"Ic\u00f4ne : \"><div class='iconbox_icon heading-color avia-iconfont avia-font-entypo-fontello' data-av_icon='\ue854' data-av_iconfont='entypo-fontello'  ><\/div><\/header><div class='iconbox_content_container '  itemprop=\"text\" ><p><a href=\"tel:+4975769615706\" target=\"_blank\" rel=\"noopener\"><span style=\"color: #000000;\">+49 (0)7576 \/ 96 15 706<\/span><\/a><\/p>\n<\/div><\/div><footer class=\"entry-footer\"><\/footer><\/article><br \/>\n\n<style type=\"text\/css\" data-created_by=\"avia_inline_auto\" id=\"style-css-av-av_icon_box-a475fc0230a11f38379aee2addab075e\">\n.iconbox.av-av_icon_box-a475fc0230a11f38379aee2addab075e .iconbox_icon{\nbackground-color:#26b2d1;\ncolor:#ffffff;\n}\n.iconbox.av-av_icon_box-a475fc0230a11f38379aee2addab075e .iconbox_icon.avia-svg-icon svg:first-child{\nfill:#ffffff;\nstroke:#ffffff;\n}\n.iconbox.av-av_icon_box-a475fc0230a11f38379aee2addab075e .iconbox_content_container{\ncolor:#000000;\n}\n<\/style>\n<article  class='iconbox iconbox_left av-av_icon_box-a475fc0230a11f38379aee2addab075e  avia-builder-el-16  el_after_av_icon_box  avia-builder-el-last '  itemscope=\"itemscope\" itemtype=\"https:\/\/schema.org\/CreativeWork\" ><div class=\"iconbox_content\"><header class=\"entry-content-header\" aria-label=\"Ic\u00f4ne : \"><div class='iconbox_icon heading-color avia-iconfont avia-font-entypo-fontello' data-av_icon='\ue805' data-av_iconfont='entypo-fontello'  ><\/div><\/header><div class='iconbox_content_container av_inherit_color'  itemprop=\"text\" ><p><a href=\"mailto:info@seencamping.de\">info@seencamping.de<\/a><\/p>\n<\/div><\/div><footer class=\"entry-footer\"><\/footer><\/article><\/p><\/div>\n","protected":false},"excerpt":{"rendered":"","protected":false},"author":11,"featured_media":0,"parent":0,"menu_order":0,"comment_status":"closed","ping_status":"closed","template":"","meta":{"footnotes":""},"class_list":["post-2366","page","type-page","status-publish","hentry"],"yoast_head":"<!-- This site is optimized with the Yoast SEO plugin v27.2 - https:\/\/yoast.com\/product\/yoast-seo-wordpress\/ -->\n<title>T\u00e9l\u00e9chargements brochure<\/title>\n<meta name=\"description\" content=\"Vous trouverez ici le d\u00e9pliant et le plan du terrain du Seencamping Krauchenwies \u00e0 t\u00e9l\u00e9charger ainsi que les conditions de location\" \/>\n<meta name=\"robots\" content=\"index, follow, max-snippet:-1, max-image-preview:large, max-video-preview:-1\" \/>\n<link rel=\"canonical\" href=\"https:\/\/www.seencamping.de\/fr\/telechargements\/\" \/>\n<meta property=\"og:locale\" content=\"fr_FR\" \/>\n<meta property=\"og:type\" content=\"article\" \/>\n<meta property=\"og:title\" content=\"T\u00e9l\u00e9chargements brochure\" \/>\n<meta property=\"og:description\" content=\"Vous trouverez ici le d\u00e9pliant et le plan du terrain du Seencamping Krauchenwies \u00e0 t\u00e9l\u00e9charger ainsi que les conditions de location\" \/>\n<meta property=\"og:url\" content=\"https:\/\/www.seencamping.de\/fr\/telechargements\/\" \/>\n<meta property=\"og:site_name\" content=\"Seencamping Krauchenwies\" \/>\n<meta property=\"article:publisher\" content=\"https:\/\/www.facebook.com\/pages\/Seencamping-Krauchenwies\/1450470331923154?fref=ts\" \/>\n<meta property=\"article:modified_time\" content=\"2025-08-13T15:32:05+00:00\" \/>\n<meta property=\"og:image\" content=\"https:\/\/www.seencamping.de\/wp-content\/uploads\/2017\/03\/Logo_seencamping_Nov16.jpg\" \/>\n<meta name=\"twitter:label1\" content=\"Dur\u00e9e de lecture estim\u00e9e\" \/>\n\t<meta name=\"twitter:data1\" content=\"1 minute\" \/>\n<script type=\"application\/ld+json\" class=\"yoast-schema-graph\">{\"@context\":\"https:\/\/schema.org\",\"@graph\":[{\"@type\":\"WebPage\",\"@id\":\"https:\/\/www.seencamping.de\/fr\/telechargements\/\",\"url\":\"https:\/\/www.seencamping.de\/fr\/telechargements\/\",\"name\":\"T\u00e9l\u00e9chargements brochure\",\"isPartOf\":{\"@id\":\"https:\/\/www.seencamping.de\/fr\/#website\"},\"primaryImageOfPage\":{\"@id\":\"https:\/\/www.seencamping.de\/fr\/telechargements\/#primaryimage\"},\"image\":{\"@id\":\"https:\/\/www.seencamping.de\/fr\/telechargements\/#primaryimage\"},\"thumbnailUrl\":\"https:\/\/www.seencamping.de\/wp-content\/uploads\/2017\/03\/Logo_seencamping_Nov16.jpg\",\"datePublished\":\"2017-08-23T13:33:32+00:00\",\"dateModified\":\"2025-08-13T15:32:05+00:00\",\"description\":\"Vous trouverez ici le d\u00e9pliant et le plan du terrain du Seencamping Krauchenwies \u00e0 t\u00e9l\u00e9charger ainsi que les conditions de location\",\"breadcrumb\":{\"@id\":\"https:\/\/www.seencamping.de\/fr\/telechargements\/#breadcrumb\"},\"inLanguage\":\"fr-FR\",\"potentialAction\":[{\"@type\":\"ReadAction\",\"target\":[\"https:\/\/www.seencamping.de\/fr\/telechargements\/\"]}]},{\"@type\":\"ImageObject\",\"inLanguage\":\"fr-FR\",\"@id\":\"https:\/\/www.seencamping.de\/fr\/telechargements\/#primaryimage\",\"url\":\"https:\/\/www.seencamping.de\/wp-content\/uploads\/2017\/03\/Logo_seencamping_Nov16.jpg\",\"contentUrl\":\"https:\/\/www.seencamping.de\/wp-content\/uploads\/2017\/03\/Logo_seencamping_Nov16.jpg\"},{\"@type\":\"BreadcrumbList\",\"@id\":\"https:\/\/www.seencamping.de\/fr\/telechargements\/#breadcrumb\",\"itemListElement\":[{\"@type\":\"ListItem\",\"position\":1,\"name\":\"Home\",\"item\":\"https:\/\/www.seencamping.de\/fr\/\"},{\"@type\":\"ListItem\",\"position\":2,\"name\":\"T\u00e9l\u00e9chargements\"}]},{\"@type\":\"WebSite\",\"@id\":\"https:\/\/www.seencamping.de\/fr\/#website\",\"url\":\"https:\/\/www.seencamping.de\/fr\/\",\"name\":\"Seencamping Krauchenwies\",\"description\":\"Urlaub am Ablacher See auf der Schw\u00e4bischen Alb\",\"potentialAction\":[{\"@type\":\"SearchAction\",\"target\":{\"@type\":\"EntryPoint\",\"urlTemplate\":\"https:\/\/www.seencamping.de\/fr\/?s={search_term_string}\"},\"query-input\":{\"@type\":\"PropertyValueSpecification\",\"valueRequired\":true,\"valueName\":\"search_term_string\"}}],\"inLanguage\":\"fr-FR\"}]}<\/script>\n<!-- \/ Yoast SEO plugin. -->","yoast_head_json":{"title":"T\u00e9l\u00e9chargements brochure","description":"Vous trouverez ici le d\u00e9pliant et le plan du terrain du Seencamping Krauchenwies \u00e0 t\u00e9l\u00e9charger ainsi que les conditions de location","robots":{"index":"index","follow":"follow","max-snippet":"max-snippet:-1","max-image-preview":"max-image-preview:large","max-video-preview":"max-video-preview:-1"},"canonical":"https:\/\/www.seencamping.de\/fr\/telechargements\/","og_locale":"fr_FR","og_type":"article","og_title":"T\u00e9l\u00e9chargements brochure","og_description":"Vous trouverez ici le d\u00e9pliant et le plan du terrain du Seencamping Krauchenwies \u00e0 t\u00e9l\u00e9charger ainsi que les conditions de location","og_url":"https:\/\/www.seencamping.de\/fr\/telechargements\/","og_site_name":"Seencamping Krauchenwies","article_publisher":"https:\/\/www.facebook.com\/pages\/Seencamping-Krauchenwies\/1450470331923154?fref=ts","article_modified_time":"2025-08-13T15:32:05+00:00","og_image":[{"url":"https:\/\/www.seencamping.de\/wp-content\/uploads\/2017\/03\/Logo_seencamping_Nov16.jpg","type":"","width":"","height":""}],"twitter_misc":{"Dur\u00e9e de lecture estim\u00e9e":"1 minute"},"schema":{"@context":"https:\/\/schema.org","@graph":[{"@type":"WebPage","@id":"https:\/\/www.seencamping.de\/fr\/telechargements\/","url":"https:\/\/www.seencamping.de\/fr\/telechargements\/","name":"T\u00e9l\u00e9chargements brochure","isPartOf":{"@id":"https:\/\/www.seencamping.de\/fr\/#website"},"primaryImageOfPage":{"@id":"https:\/\/www.seencamping.de\/fr\/telechargements\/#primaryimage"},"image":{"@id":"https:\/\/www.seencamping.de\/fr\/telechargements\/#primaryimage"},"thumbnailUrl":"https:\/\/www.seencamping.de\/wp-content\/uploads\/2017\/03\/Logo_seencamping_Nov16.jpg","datePublished":"2017-08-23T13:33:32+00:00","dateModified":"2025-08-13T15:32:05+00:00","description":"Vous trouverez ici le d\u00e9pliant et le plan du terrain du Seencamping Krauchenwies \u00e0 t\u00e9l\u00e9charger ainsi que les conditions de location","breadcrumb":{"@id":"https:\/\/www.seencamping.de\/fr\/telechargements\/#breadcrumb"},"inLanguage":"fr-FR","potentialAction":[{"@type":"ReadAction","target":["https:\/\/www.seencamping.de\/fr\/telechargements\/"]}]},{"@type":"ImageObject","inLanguage":"fr-FR","@id":"https:\/\/www.seencamping.de\/fr\/telechargements\/#primaryimage","url":"https:\/\/www.seencamping.de\/wp-content\/uploads\/2017\/03\/Logo_seencamping_Nov16.jpg","contentUrl":"https:\/\/www.seencamping.de\/wp-content\/uploads\/2017\/03\/Logo_seencamping_Nov16.jpg"},{"@type":"BreadcrumbList","@id":"https:\/\/www.seencamping.de\/fr\/telechargements\/#breadcrumb","itemListElement":[{"@type":"ListItem","position":1,"name":"Home","item":"https:\/\/www.seencamping.de\/fr\/"},{"@type":"ListItem","position":2,"name":"T\u00e9l\u00e9chargements"}]},{"@type":"WebSite","@id":"https:\/\/www.seencamping.de\/fr\/#website","url":"https:\/\/www.seencamping.de\/fr\/","name":"Seencamping Krauchenwies","description":"Urlaub am Ablacher See auf der Schw\u00e4bischen Alb","potentialAction":[{"@type":"SearchAction","target":{"@type":"EntryPoint","urlTemplate":"https:\/\/www.seencamping.de\/fr\/?s={search_term_string}"},"query-input":{"@type":"PropertyValueSpecification","valueRequired":true,"valueName":"search_term_string"}}],"inLanguage":"fr-FR"}]}},"_links":{"self":[{"href":"https:\/\/www.seencamping.de\/fr\/wp-json\/wp\/v2\/pages\/2366","targetHints":{"allow":["GET"]}}],"collection":[{"href":"https:\/\/www.seencamping.de\/fr\/wp-json\/wp\/v2\/pages"}],"about":[{"href":"https:\/\/www.seencamping.de\/fr\/wp-json\/wp\/v2\/types\/page"}],"author":[{"embeddable":true,"href":"https:\/\/www.seencamping.de\/fr\/wp-json\/wp\/v2\/users\/11"}],"replies":[{"embeddable":true,"href":"https:\/\/www.seencamping.de\/fr\/wp-json\/wp\/v2\/comments?post=2366"}],"version-history":[{"count":5,"href":"https:\/\/www.seencamping.de\/fr\/wp-json\/wp\/v2\/pages\/2366\/revisions"}],"predecessor-version":[{"id":14899,"href":"https:\/\/www.seencamping.de\/fr\/wp-json\/wp\/v2\/pages\/2366\/revisions\/14899"}],"wp:attachment":[{"href":"https:\/\/www.seencamping.de\/fr\/wp-json\/wp\/v2\/media?parent=2366"}],"curies":[{"name":"wp","href":"https:\/\/api.w.org\/{rel}","templated":true}]}}