{"id":1222,"date":"2016-04-28T12:37:54","date_gmt":"2016-04-28T10:37:54","guid":{"rendered":"http:\/\/www.seencamping.de\/fr\/?page_id=1222"},"modified":"2022-06-22T17:55:32","modified_gmt":"2022-06-22T15:55:32","slug":"sites-culturels","status":"publish","type":"page","link":"https:\/\/www.seencamping.de\/fr\/loisirs\/sites-culturels\/","title":{"rendered":"Sur les traces"},"content":{"rendered":"<p>Le Zollernalb est l\u2019un des paysages allemands les plus riches en ch\u00e2teaux et forts.\u00a0A seulement 9 km du camping vous pouvez par example visiter\u00a0<a href=\"http:\/\/www.schloss-sigmaringen.de\/\">le ch\u00e2teau imposant de Sigmaringen<\/a> ou <a href=\"http:\/\/www.hohenzollern.com\/\u200e\">le ch\u00e2teau des Hohenzollern<\/a>, maison ancestrale des rois de Prusse. Mais aussi <a href=\"http:\/\/www.erzabtei-beuron.de\/\">le monast\u00e8re de Beuron <\/a>vaut la visite et avec lui bien d&rsquo;autres sites culturels.<\/p>\n<p>Dans les environs imm\u00e9diats du camping\u00a0le pavillon de chasse et le si\u00e8ge de la famille du prince de Hohenzollern avec son parc \u00e0 gibier Josefslust sont \u00e0 visiter.<\/p>\n<p>Beaucoup d&rsquo;autres destinations attrayantes se trouvent autour du lac de Constance qui est \u00e0 40 km du lac d&rsquo;Ablach.<\/p>\n","protected":false},"excerpt":{"rendered":"<p>Le Zollernalb est l\u2019un des paysages allemands les plus riches en ch\u00e2teaux et forts.\u00a0A seulement 9 km du camping vous pouvez par example visiter\u00a0le ch\u00e2teau imposant de Sigmaringen ou le ch\u00e2teau des Hohenzollern, maison ancestrale des rois de Prusse. Mais aussi le monast\u00e8re de Beuron vaut la visite et avec lui bien d&rsquo;autres sites culturels. [&hellip;]<\/p>\n","protected":false},"author":8,"featured_media":0,"parent":1192,"menu_order":6,"comment_status":"open","ping_status":"open","template":"","meta":{"footnotes":""},"class_list":["post-1222","page","type-page","status-publish","hentry"],"yoast_head":"<!-- This site is optimized with the Yoast SEO plugin v27.2 - https:\/\/yoast.com\/product\/yoast-seo-wordpress\/ -->\n<title>sites culturels<\/title>\n<meta name=\"description\" content=\"Le Zollernalb est l\u2019un des paysages allemands les plus riches en ch\u00e2teaux et forts.\u00a0D&#039;autres sites culturels comme le monast\u00e8re de Beuron vont la visite\" \/>\n<meta name=\"robots\" content=\"index, follow, max-snippet:-1, max-image-preview:large, max-video-preview:-1\" \/>\n<link rel=\"canonical\" href=\"https:\/\/www.seencamping.de\/fr\/loisirs\/sites-culturels\/\" \/>\n<meta property=\"og:locale\" content=\"fr_FR\" \/>\n<meta property=\"og:type\" content=\"article\" \/>\n<meta property=\"og:title\" content=\"sites culturels\" \/>\n<meta property=\"og:description\" content=\"Le Zollernalb est l\u2019un des paysages allemands les plus riches en ch\u00e2teaux et forts.\u00a0D&#039;autres sites culturels comme le monast\u00e8re de Beuron vont la visite\" \/>\n<meta property=\"og:url\" content=\"https:\/\/www.seencamping.de\/fr\/loisirs\/sites-culturels\/\" \/>\n<meta property=\"og:site_name\" content=\"Seencamping Krauchenwies\" \/>\n<meta property=\"article:publisher\" content=\"https:\/\/www.facebook.com\/pages\/Seencamping-Krauchenwies\/1450470331923154?fref=ts\" \/>\n<meta property=\"article:modified_time\" content=\"2022-06-22T15:55:32+00:00\" \/>\n<meta name=\"twitter:label1\" content=\"Dur\u00e9e de lecture estim\u00e9e\" \/>\n\t<meta name=\"twitter:data1\" content=\"1 minute\" \/>\n<script type=\"application\/ld+json\" class=\"yoast-schema-graph\">{\"@context\":\"https:\/\/schema.org\",\"@graph\":[{\"@type\":\"WebPage\",\"@id\":\"https:\/\/www.seencamping.de\/fr\/loisirs\/sites-culturels\/\",\"url\":\"https:\/\/www.seencamping.de\/fr\/loisirs\/sites-culturels\/\",\"name\":\"sites culturels\",\"isPartOf\":{\"@id\":\"https:\/\/www.seencamping.de\/fr\/#website\"},\"datePublished\":\"2016-04-28T10:37:54+00:00\",\"dateModified\":\"2022-06-22T15:55:32+00:00\",\"description\":\"Le Zollernalb est l\u2019un des paysages allemands les plus riches en ch\u00e2teaux et forts.\u00a0D'autres sites culturels comme le monast\u00e8re de Beuron vont la visite\",\"breadcrumb\":{\"@id\":\"https:\/\/www.seencamping.de\/fr\/loisirs\/sites-culturels\/#breadcrumb\"},\"inLanguage\":\"fr-FR\",\"potentialAction\":[{\"@type\":\"ReadAction\",\"target\":[\"https:\/\/www.seencamping.de\/fr\/loisirs\/sites-culturels\/\"]}]},{\"@type\":\"BreadcrumbList\",\"@id\":\"https:\/\/www.seencamping.de\/fr\/loisirs\/sites-culturels\/#breadcrumb\",\"itemListElement\":[{\"@type\":\"ListItem\",\"position\":1,\"name\":\"Home\",\"item\":\"https:\/\/www.seencamping.de\/fr\/\"},{\"@type\":\"ListItem\",\"position\":2,\"name\":\"Loisirs\",\"item\":\"https:\/\/www.seencamping.de\/fr\/loisirs\/\"},{\"@type\":\"ListItem\",\"position\":3,\"name\":\"Sur les traces\"}]},{\"@type\":\"WebSite\",\"@id\":\"https:\/\/www.seencamping.de\/fr\/#website\",\"url\":\"https:\/\/www.seencamping.de\/fr\/\",\"name\":\"Seencamping Krauchenwies\",\"description\":\"Urlaub am Ablacher See auf der Schw\u00e4bischen Alb\",\"potentialAction\":[{\"@type\":\"SearchAction\",\"target\":{\"@type\":\"EntryPoint\",\"urlTemplate\":\"https:\/\/www.seencamping.de\/fr\/?s={search_term_string}\"},\"query-input\":{\"@type\":\"PropertyValueSpecification\",\"valueRequired\":true,\"valueName\":\"search_term_string\"}}],\"inLanguage\":\"fr-FR\"}]}<\/script>\n<!-- \/ Yoast SEO plugin. -->","yoast_head_json":{"title":"sites culturels","description":"Le Zollernalb est l\u2019un des paysages allemands les plus riches en ch\u00e2teaux et forts.\u00a0D'autres sites culturels comme le monast\u00e8re de Beuron vont la visite","robots":{"index":"index","follow":"follow","max-snippet":"max-snippet:-1","max-image-preview":"max-image-preview:large","max-video-preview":"max-video-preview:-1"},"canonical":"https:\/\/www.seencamping.de\/fr\/loisirs\/sites-culturels\/","og_locale":"fr_FR","og_type":"article","og_title":"sites culturels","og_description":"Le Zollernalb est l\u2019un des paysages allemands les plus riches en ch\u00e2teaux et forts.\u00a0D'autres sites culturels comme le monast\u00e8re de Beuron vont la visite","og_url":"https:\/\/www.seencamping.de\/fr\/loisirs\/sites-culturels\/","og_site_name":"Seencamping Krauchenwies","article_publisher":"https:\/\/www.facebook.com\/pages\/Seencamping-Krauchenwies\/1450470331923154?fref=ts","article_modified_time":"2022-06-22T15:55:32+00:00","twitter_misc":{"Dur\u00e9e de lecture estim\u00e9e":"1 minute"},"schema":{"@context":"https:\/\/schema.org","@graph":[{"@type":"WebPage","@id":"https:\/\/www.seencamping.de\/fr\/loisirs\/sites-culturels\/","url":"https:\/\/www.seencamping.de\/fr\/loisirs\/sites-culturels\/","name":"sites culturels","isPartOf":{"@id":"https:\/\/www.seencamping.de\/fr\/#website"},"datePublished":"2016-04-28T10:37:54+00:00","dateModified":"2022-06-22T15:55:32+00:00","description":"Le Zollernalb est l\u2019un des paysages allemands les plus riches en ch\u00e2teaux et forts.\u00a0D'autres sites culturels comme le monast\u00e8re de Beuron vont la visite","breadcrumb":{"@id":"https:\/\/www.seencamping.de\/fr\/loisirs\/sites-culturels\/#breadcrumb"},"inLanguage":"fr-FR","potentialAction":[{"@type":"ReadAction","target":["https:\/\/www.seencamping.de\/fr\/loisirs\/sites-culturels\/"]}]},{"@type":"BreadcrumbList","@id":"https:\/\/www.seencamping.de\/fr\/loisirs\/sites-culturels\/#breadcrumb","itemListElement":[{"@type":"ListItem","position":1,"name":"Home","item":"https:\/\/www.seencamping.de\/fr\/"},{"@type":"ListItem","position":2,"name":"Loisirs","item":"https:\/\/www.seencamping.de\/fr\/loisirs\/"},{"@type":"ListItem","position":3,"name":"Sur les traces"}]},{"@type":"WebSite","@id":"https:\/\/www.seencamping.de\/fr\/#website","url":"https:\/\/www.seencamping.de\/fr\/","name":"Seencamping Krauchenwies","description":"Urlaub am Ablacher See auf der Schw\u00e4bischen Alb","potentialAction":[{"@type":"SearchAction","target":{"@type":"EntryPoint","urlTemplate":"https:\/\/www.seencamping.de\/fr\/?s={search_term_string}"},"query-input":{"@type":"PropertyValueSpecification","valueRequired":true,"valueName":"search_term_string"}}],"inLanguage":"fr-FR"}]}},"_links":{"self":[{"href":"https:\/\/www.seencamping.de\/fr\/wp-json\/wp\/v2\/pages\/1222","targetHints":{"allow":["GET"]}}],"collection":[{"href":"https:\/\/www.seencamping.de\/fr\/wp-json\/wp\/v2\/pages"}],"about":[{"href":"https:\/\/www.seencamping.de\/fr\/wp-json\/wp\/v2\/types\/page"}],"author":[{"embeddable":true,"href":"https:\/\/www.seencamping.de\/fr\/wp-json\/wp\/v2\/users\/8"}],"replies":[{"embeddable":true,"href":"https:\/\/www.seencamping.de\/fr\/wp-json\/wp\/v2\/comments?post=1222"}],"version-history":[{"count":0,"href":"https:\/\/www.seencamping.de\/fr\/wp-json\/wp\/v2\/pages\/1222\/revisions"}],"up":[{"embeddable":true,"href":"https:\/\/www.seencamping.de\/fr\/wp-json\/wp\/v2\/pages\/1192"}],"wp:attachment":[{"href":"https:\/\/www.seencamping.de\/fr\/wp-json\/wp\/v2\/media?parent=1222"}],"curies":[{"name":"wp","href":"https:\/\/api.w.org\/{rel}","templated":true}]}}