{"id":1220,"date":"2016-04-28T12:33:20","date_gmt":"2016-04-28T10:33:20","guid":{"rendered":"http:\/\/www.seencamping.de\/fr\/?page_id=1220"},"modified":"2022-06-22T17:51:40","modified_gmt":"2022-06-22T15:51:40","slug":"vol-a-voile","status":"publish","type":"page","link":"https:\/\/www.seencamping.de\/fr\/loisirs\/vol-a-voile\/","title":{"rendered":"Dans les airs"},"content":{"rendered":"<p><a href=\"http:\/\/www.lsv-degerfeld.de\/\">L\u2019a\u00e9rodrome d\u2019 Albstadt- Degerfeld <\/a>en tant qu\u2019op\u00e9rateur de l\u2019a\u00e9rodrome offre un large spectre de sports a\u00e9riens, \u00e0 commencer par le vol \u00e0 voile ou \u00e0 moteur jusqu\u2019au ballooning et vous invite \u00e0 savourer le Jura souabe de dessus.<\/p>\n","protected":false},"excerpt":{"rendered":"<p>L\u2019a\u00e9rodrome d\u2019 Albstadt- Degerfeld en tant qu\u2019op\u00e9rateur de l\u2019a\u00e9rodrome offre un large spectre de sports a\u00e9riens, \u00e0 commencer par le vol \u00e0 voile ou \u00e0 moteur jusqu\u2019au ballooning et vous invite \u00e0 savourer le Jura souabe de dessus.<\/p>\n","protected":false},"author":8,"featured_media":0,"parent":1192,"menu_order":5,"comment_status":"open","ping_status":"open","template":"","meta":{"footnotes":""},"class_list":["post-1220","page","type-page","status-publish","hentry"],"yoast_head":"<!-- This site is optimized with the Yoast SEO plugin v27.2 - https:\/\/yoast.com\/product\/yoast-seo-wordpress\/ -->\n<title>vol \u00e0 voile<\/title>\n<meta name=\"description\" content=\"L\u2019a\u00e9rodrome d\u2019 Albstadt- Degerfeld offre un large spectre de sports a\u00e9riens, \u00e0 commencer par le vol \u00e0 voile ou \u00e0 moteur\" \/>\n<meta name=\"robots\" content=\"index, follow, max-snippet:-1, max-image-preview:large, max-video-preview:-1\" \/>\n<link rel=\"canonical\" href=\"https:\/\/www.seencamping.de\/fr\/loisirs\/vol-a-voile\/\" \/>\n<meta property=\"og:locale\" content=\"fr_FR\" \/>\n<meta property=\"og:type\" content=\"article\" \/>\n<meta property=\"og:title\" content=\"vol \u00e0 voile\" \/>\n<meta property=\"og:description\" content=\"L\u2019a\u00e9rodrome d\u2019 Albstadt- Degerfeld offre un large spectre de sports a\u00e9riens, \u00e0 commencer par le vol \u00e0 voile ou \u00e0 moteur\" \/>\n<meta property=\"og:url\" content=\"https:\/\/www.seencamping.de\/fr\/loisirs\/vol-a-voile\/\" \/>\n<meta property=\"og:site_name\" content=\"Seencamping Krauchenwies\" \/>\n<meta property=\"article:publisher\" content=\"https:\/\/www.facebook.com\/pages\/Seencamping-Krauchenwies\/1450470331923154?fref=ts\" \/>\n<meta property=\"article:modified_time\" content=\"2022-06-22T15:51:40+00:00\" \/>\n<script type=\"application\/ld+json\" class=\"yoast-schema-graph\">{\"@context\":\"https:\/\/schema.org\",\"@graph\":[{\"@type\":\"WebPage\",\"@id\":\"https:\/\/www.seencamping.de\/fr\/loisirs\/vol-a-voile\/\",\"url\":\"https:\/\/www.seencamping.de\/fr\/loisirs\/vol-a-voile\/\",\"name\":\"vol \u00e0 voile\",\"isPartOf\":{\"@id\":\"https:\/\/www.seencamping.de\/fr\/#website\"},\"datePublished\":\"2016-04-28T10:33:20+00:00\",\"dateModified\":\"2022-06-22T15:51:40+00:00\",\"description\":\"L\u2019a\u00e9rodrome d\u2019 Albstadt- Degerfeld offre un large spectre de sports a\u00e9riens, \u00e0 commencer par le vol \u00e0 voile ou \u00e0 moteur\",\"breadcrumb\":{\"@id\":\"https:\/\/www.seencamping.de\/fr\/loisirs\/vol-a-voile\/#breadcrumb\"},\"inLanguage\":\"fr-FR\",\"potentialAction\":[{\"@type\":\"ReadAction\",\"target\":[\"https:\/\/www.seencamping.de\/fr\/loisirs\/vol-a-voile\/\"]}]},{\"@type\":\"BreadcrumbList\",\"@id\":\"https:\/\/www.seencamping.de\/fr\/loisirs\/vol-a-voile\/#breadcrumb\",\"itemListElement\":[{\"@type\":\"ListItem\",\"position\":1,\"name\":\"Home\",\"item\":\"https:\/\/www.seencamping.de\/fr\/\"},{\"@type\":\"ListItem\",\"position\":2,\"name\":\"Loisirs\",\"item\":\"https:\/\/www.seencamping.de\/fr\/loisirs\/\"},{\"@type\":\"ListItem\",\"position\":3,\"name\":\"Dans les airs\"}]},{\"@type\":\"WebSite\",\"@id\":\"https:\/\/www.seencamping.de\/fr\/#website\",\"url\":\"https:\/\/www.seencamping.de\/fr\/\",\"name\":\"Seencamping Krauchenwies\",\"description\":\"Urlaub am Ablacher See auf der Schw\u00e4bischen Alb\",\"potentialAction\":[{\"@type\":\"SearchAction\",\"target\":{\"@type\":\"EntryPoint\",\"urlTemplate\":\"https:\/\/www.seencamping.de\/fr\/?s={search_term_string}\"},\"query-input\":{\"@type\":\"PropertyValueSpecification\",\"valueRequired\":true,\"valueName\":\"search_term_string\"}}],\"inLanguage\":\"fr-FR\"}]}<\/script>\n<!-- \/ Yoast SEO plugin. -->","yoast_head_json":{"title":"vol \u00e0 voile","description":"L\u2019a\u00e9rodrome d\u2019 Albstadt- Degerfeld offre un large spectre de sports a\u00e9riens, \u00e0 commencer par le vol \u00e0 voile ou \u00e0 moteur","robots":{"index":"index","follow":"follow","max-snippet":"max-snippet:-1","max-image-preview":"max-image-preview:large","max-video-preview":"max-video-preview:-1"},"canonical":"https:\/\/www.seencamping.de\/fr\/loisirs\/vol-a-voile\/","og_locale":"fr_FR","og_type":"article","og_title":"vol \u00e0 voile","og_description":"L\u2019a\u00e9rodrome d\u2019 Albstadt- Degerfeld offre un large spectre de sports a\u00e9riens, \u00e0 commencer par le vol \u00e0 voile ou \u00e0 moteur","og_url":"https:\/\/www.seencamping.de\/fr\/loisirs\/vol-a-voile\/","og_site_name":"Seencamping Krauchenwies","article_publisher":"https:\/\/www.facebook.com\/pages\/Seencamping-Krauchenwies\/1450470331923154?fref=ts","article_modified_time":"2022-06-22T15:51:40+00:00","schema":{"@context":"https:\/\/schema.org","@graph":[{"@type":"WebPage","@id":"https:\/\/www.seencamping.de\/fr\/loisirs\/vol-a-voile\/","url":"https:\/\/www.seencamping.de\/fr\/loisirs\/vol-a-voile\/","name":"vol \u00e0 voile","isPartOf":{"@id":"https:\/\/www.seencamping.de\/fr\/#website"},"datePublished":"2016-04-28T10:33:20+00:00","dateModified":"2022-06-22T15:51:40+00:00","description":"L\u2019a\u00e9rodrome d\u2019 Albstadt- Degerfeld offre un large spectre de sports a\u00e9riens, \u00e0 commencer par le vol \u00e0 voile ou \u00e0 moteur","breadcrumb":{"@id":"https:\/\/www.seencamping.de\/fr\/loisirs\/vol-a-voile\/#breadcrumb"},"inLanguage":"fr-FR","potentialAction":[{"@type":"ReadAction","target":["https:\/\/www.seencamping.de\/fr\/loisirs\/vol-a-voile\/"]}]},{"@type":"BreadcrumbList","@id":"https:\/\/www.seencamping.de\/fr\/loisirs\/vol-a-voile\/#breadcrumb","itemListElement":[{"@type":"ListItem","position":1,"name":"Home","item":"https:\/\/www.seencamping.de\/fr\/"},{"@type":"ListItem","position":2,"name":"Loisirs","item":"https:\/\/www.seencamping.de\/fr\/loisirs\/"},{"@type":"ListItem","position":3,"name":"Dans les airs"}]},{"@type":"WebSite","@id":"https:\/\/www.seencamping.de\/fr\/#website","url":"https:\/\/www.seencamping.de\/fr\/","name":"Seencamping Krauchenwies","description":"Urlaub am Ablacher See auf der Schw\u00e4bischen Alb","potentialAction":[{"@type":"SearchAction","target":{"@type":"EntryPoint","urlTemplate":"https:\/\/www.seencamping.de\/fr\/?s={search_term_string}"},"query-input":{"@type":"PropertyValueSpecification","valueRequired":true,"valueName":"search_term_string"}}],"inLanguage":"fr-FR"}]}},"_links":{"self":[{"href":"https:\/\/www.seencamping.de\/fr\/wp-json\/wp\/v2\/pages\/1220","targetHints":{"allow":["GET"]}}],"collection":[{"href":"https:\/\/www.seencamping.de\/fr\/wp-json\/wp\/v2\/pages"}],"about":[{"href":"https:\/\/www.seencamping.de\/fr\/wp-json\/wp\/v2\/types\/page"}],"author":[{"embeddable":true,"href":"https:\/\/www.seencamping.de\/fr\/wp-json\/wp\/v2\/users\/8"}],"replies":[{"embeddable":true,"href":"https:\/\/www.seencamping.de\/fr\/wp-json\/wp\/v2\/comments?post=1220"}],"version-history":[{"count":0,"href":"https:\/\/www.seencamping.de\/fr\/wp-json\/wp\/v2\/pages\/1220\/revisions"}],"up":[{"embeddable":true,"href":"https:\/\/www.seencamping.de\/fr\/wp-json\/wp\/v2\/pages\/1192"}],"wp:attachment":[{"href":"https:\/\/www.seencamping.de\/fr\/wp-json\/wp\/v2\/media?parent=1220"}],"curies":[{"name":"wp","href":"https:\/\/api.w.org\/{rel}","templated":true}]}}