{"id":1212,"date":"2016-04-28T12:26:58","date_gmt":"2016-04-28T10:26:58","guid":{"rendered":"http:\/\/www.seencamping.de\/fr\/?page_id=1212"},"modified":"2022-06-22T17:48:33","modified_gmt":"2022-06-22T15:48:33","slug":"baignades","status":"publish","type":"page","link":"https:\/\/www.seencamping.de\/fr\/loisirs\/baignades\/","title":{"rendered":"Dans l&rsquo;eau"},"content":{"rendered":"<p>Le lac priv\u00e9 d&rsquo;Ablach avec ses pelouses, sa plage et sa passerelle de bain est \u00e0 la disposition exclusive de tous nos h\u00f4tes pour des baignades. La surface enti\u00e8re du\u00a0lac\u00a0ainsi que\u00a0la plupart de ses rives sont\u00a0class\u00e9s r\u00e9serve naturelle.<\/p>\n<p>Les amateurs de p\u00eache et les propri\u00e9taires d&rsquo;un permis de p\u00eache\u00a0parmi nos clients du camping peuvent acheter des\u00a0cartes de jour\u00a0de p\u00eache\u00a0\u00e0 la r\u00e9ception.<\/p>\n<p>Pour\u00a0une baignade\u00a0soign\u00e9e\u00a0vous avez \u00e0 votre disposition trois \u00e9tablissements thermaux: <a href=\"http:\/\/www.sonnenhof-therme.de\/\">Bad Saulgau<\/a>, <a href=\"http:\/\/adelindistherme.de\/hp1\/Startseite.htm\">Bad Buchau <\/a>et les <a href=\"http:\/\/www.bodensee-therme.de\/\">thermes \u00e0 \u00dcberlingen<\/a>.\u00a0Sauna, jacuzzi et hammam compl\u00e8tent l&rsquo;offre de ces centres sant\u00e9.<\/p>\n<p>Pour un programme aquatique plut\u00f4t sportif nous vous recommondons <a href=\"http:\/\/www.pfullendorf.de\/seeparklinzgau.html\" target=\"_blank\" rel=\"noopener\">le parc aquatique \u00e0 Pfullendorf<\/a>. Parmi ses attrations compte le t\u00e9l\u00e9ski nautique.<\/p>\n<p>Si vous pr\u00e9f\u00e9rez des exp\u00e9riences naturelles plut\u00f4t contemplatives, nous vous proposons une <a href=\"http:\/\/donautal-kanuverleih.de\">excursion\u00a0en cano\u00eb<\/a>\u00a0sur le Danube.<\/p>\n","protected":false},"excerpt":{"rendered":"<p>Le lac priv\u00e9 d&rsquo;Ablach avec ses pelouses, sa plage et sa passerelle de bain est \u00e0 la disposition exclusive de tous nos h\u00f4tes pour des baignades. La surface enti\u00e8re du\u00a0lac\u00a0ainsi que\u00a0la plupart de ses rives sont\u00a0class\u00e9s r\u00e9serve naturelle. Les amateurs de p\u00eache et les propri\u00e9taires d&rsquo;un permis de p\u00eache\u00a0parmi nos clients du camping peuvent acheter [&hellip;]<\/p>\n","protected":false},"author":8,"featured_media":0,"parent":1192,"menu_order":3,"comment_status":"open","ping_status":"open","template":"","meta":{"footnotes":""},"class_list":["post-1212","page","type-page","status-publish","hentry"],"yoast_head":"<!-- This site is optimized with the Yoast SEO plugin v27.2 - https:\/\/yoast.com\/product\/yoast-seo-wordpress\/ -->\n<title>baignades<\/title>\n<meta name=\"description\" content=\"Le lac priv\u00e9 avec ses pelouses, sa plage et sa passerelle de bain est \u00e0 la disposition de tous nos h\u00f4tes pour des baignades et pour la p\u00eache \u00e0 la ligne.\" \/>\n<meta name=\"robots\" content=\"index, follow, max-snippet:-1, max-image-preview:large, max-video-preview:-1\" \/>\n<link rel=\"canonical\" href=\"https:\/\/www.seencamping.de\/fr\/loisirs\/baignades\/\" \/>\n<meta property=\"og:locale\" content=\"fr_FR\" \/>\n<meta property=\"og:type\" content=\"article\" \/>\n<meta property=\"og:title\" content=\"baignades\" \/>\n<meta property=\"og:description\" content=\"Le lac priv\u00e9 avec ses pelouses, sa plage et sa passerelle de bain est \u00e0 la disposition de tous nos h\u00f4tes pour des baignades et pour la p\u00eache \u00e0 la ligne.\" \/>\n<meta property=\"og:url\" content=\"https:\/\/www.seencamping.de\/fr\/loisirs\/baignades\/\" \/>\n<meta property=\"og:site_name\" content=\"Seencamping Krauchenwies\" \/>\n<meta property=\"article:publisher\" content=\"https:\/\/www.facebook.com\/pages\/Seencamping-Krauchenwies\/1450470331923154?fref=ts\" \/>\n<meta property=\"article:modified_time\" content=\"2022-06-22T15:48:33+00:00\" \/>\n<meta name=\"twitter:label1\" content=\"Dur\u00e9e de lecture estim\u00e9e\" \/>\n\t<meta name=\"twitter:data1\" content=\"1 minute\" \/>\n<script type=\"application\/ld+json\" class=\"yoast-schema-graph\">{\"@context\":\"https:\/\/schema.org\",\"@graph\":[{\"@type\":\"WebPage\",\"@id\":\"https:\/\/www.seencamping.de\/fr\/loisirs\/baignades\/\",\"url\":\"https:\/\/www.seencamping.de\/fr\/loisirs\/baignades\/\",\"name\":\"baignades\",\"isPartOf\":{\"@id\":\"https:\/\/www.seencamping.de\/fr\/#website\"},\"datePublished\":\"2016-04-28T10:26:58+00:00\",\"dateModified\":\"2022-06-22T15:48:33+00:00\",\"description\":\"Le lac priv\u00e9 avec ses pelouses, sa plage et sa passerelle de bain est \u00e0 la disposition de tous nos h\u00f4tes pour des baignades et pour la p\u00eache \u00e0 la ligne.\",\"breadcrumb\":{\"@id\":\"https:\/\/www.seencamping.de\/fr\/loisirs\/baignades\/#breadcrumb\"},\"inLanguage\":\"fr-FR\",\"potentialAction\":[{\"@type\":\"ReadAction\",\"target\":[\"https:\/\/www.seencamping.de\/fr\/loisirs\/baignades\/\"]}]},{\"@type\":\"BreadcrumbList\",\"@id\":\"https:\/\/www.seencamping.de\/fr\/loisirs\/baignades\/#breadcrumb\",\"itemListElement\":[{\"@type\":\"ListItem\",\"position\":1,\"name\":\"Home\",\"item\":\"https:\/\/www.seencamping.de\/fr\/\"},{\"@type\":\"ListItem\",\"position\":2,\"name\":\"Loisirs\",\"item\":\"https:\/\/www.seencamping.de\/fr\/loisirs\/\"},{\"@type\":\"ListItem\",\"position\":3,\"name\":\"Dans l&#8217;eau\"}]},{\"@type\":\"WebSite\",\"@id\":\"https:\/\/www.seencamping.de\/fr\/#website\",\"url\":\"https:\/\/www.seencamping.de\/fr\/\",\"name\":\"Seencamping Krauchenwies\",\"description\":\"Urlaub am Ablacher See auf der Schw\u00e4bischen Alb\",\"potentialAction\":[{\"@type\":\"SearchAction\",\"target\":{\"@type\":\"EntryPoint\",\"urlTemplate\":\"https:\/\/www.seencamping.de\/fr\/?s={search_term_string}\"},\"query-input\":{\"@type\":\"PropertyValueSpecification\",\"valueRequired\":true,\"valueName\":\"search_term_string\"}}],\"inLanguage\":\"fr-FR\"}]}<\/script>\n<!-- \/ Yoast SEO plugin. -->","yoast_head_json":{"title":"baignades","description":"Le lac priv\u00e9 avec ses pelouses, sa plage et sa passerelle de bain est \u00e0 la disposition de tous nos h\u00f4tes pour des baignades et pour la p\u00eache \u00e0 la ligne.","robots":{"index":"index","follow":"follow","max-snippet":"max-snippet:-1","max-image-preview":"max-image-preview:large","max-video-preview":"max-video-preview:-1"},"canonical":"https:\/\/www.seencamping.de\/fr\/loisirs\/baignades\/","og_locale":"fr_FR","og_type":"article","og_title":"baignades","og_description":"Le lac priv\u00e9 avec ses pelouses, sa plage et sa passerelle de bain est \u00e0 la disposition de tous nos h\u00f4tes pour des baignades et pour la p\u00eache \u00e0 la ligne.","og_url":"https:\/\/www.seencamping.de\/fr\/loisirs\/baignades\/","og_site_name":"Seencamping Krauchenwies","article_publisher":"https:\/\/www.facebook.com\/pages\/Seencamping-Krauchenwies\/1450470331923154?fref=ts","article_modified_time":"2022-06-22T15:48:33+00:00","twitter_misc":{"Dur\u00e9e de lecture estim\u00e9e":"1 minute"},"schema":{"@context":"https:\/\/schema.org","@graph":[{"@type":"WebPage","@id":"https:\/\/www.seencamping.de\/fr\/loisirs\/baignades\/","url":"https:\/\/www.seencamping.de\/fr\/loisirs\/baignades\/","name":"baignades","isPartOf":{"@id":"https:\/\/www.seencamping.de\/fr\/#website"},"datePublished":"2016-04-28T10:26:58+00:00","dateModified":"2022-06-22T15:48:33+00:00","description":"Le lac priv\u00e9 avec ses pelouses, sa plage et sa passerelle de bain est \u00e0 la disposition de tous nos h\u00f4tes pour des baignades et pour la p\u00eache \u00e0 la ligne.","breadcrumb":{"@id":"https:\/\/www.seencamping.de\/fr\/loisirs\/baignades\/#breadcrumb"},"inLanguage":"fr-FR","potentialAction":[{"@type":"ReadAction","target":["https:\/\/www.seencamping.de\/fr\/loisirs\/baignades\/"]}]},{"@type":"BreadcrumbList","@id":"https:\/\/www.seencamping.de\/fr\/loisirs\/baignades\/#breadcrumb","itemListElement":[{"@type":"ListItem","position":1,"name":"Home","item":"https:\/\/www.seencamping.de\/fr\/"},{"@type":"ListItem","position":2,"name":"Loisirs","item":"https:\/\/www.seencamping.de\/fr\/loisirs\/"},{"@type":"ListItem","position":3,"name":"Dans l&#8217;eau"}]},{"@type":"WebSite","@id":"https:\/\/www.seencamping.de\/fr\/#website","url":"https:\/\/www.seencamping.de\/fr\/","name":"Seencamping Krauchenwies","description":"Urlaub am Ablacher See auf der Schw\u00e4bischen Alb","potentialAction":[{"@type":"SearchAction","target":{"@type":"EntryPoint","urlTemplate":"https:\/\/www.seencamping.de\/fr\/?s={search_term_string}"},"query-input":{"@type":"PropertyValueSpecification","valueRequired":true,"valueName":"search_term_string"}}],"inLanguage":"fr-FR"}]}},"_links":{"self":[{"href":"https:\/\/www.seencamping.de\/fr\/wp-json\/wp\/v2\/pages\/1212","targetHints":{"allow":["GET"]}}],"collection":[{"href":"https:\/\/www.seencamping.de\/fr\/wp-json\/wp\/v2\/pages"}],"about":[{"href":"https:\/\/www.seencamping.de\/fr\/wp-json\/wp\/v2\/types\/page"}],"author":[{"embeddable":true,"href":"https:\/\/www.seencamping.de\/fr\/wp-json\/wp\/v2\/users\/8"}],"replies":[{"embeddable":true,"href":"https:\/\/www.seencamping.de\/fr\/wp-json\/wp\/v2\/comments?post=1212"}],"version-history":[{"count":0,"href":"https:\/\/www.seencamping.de\/fr\/wp-json\/wp\/v2\/pages\/1212\/revisions"}],"up":[{"embeddable":true,"href":"https:\/\/www.seencamping.de\/fr\/wp-json\/wp\/v2\/pages\/1192"}],"wp:attachment":[{"href":"https:\/\/www.seencamping.de\/fr\/wp-json\/wp\/v2\/media?parent=1212"}],"curies":[{"name":"wp","href":"https:\/\/api.w.org\/{rel}","templated":true}]}}