{"id":1209,"date":"2016-04-28T12:21:04","date_gmt":"2016-04-28T10:21:04","guid":{"rendered":"http:\/\/www.seencamping.de\/fr\/?page_id=1209"},"modified":"2022-06-22T17:46:59","modified_gmt":"2022-06-22T15:46:59","slug":"vous-promener-en-velo","status":"publish","type":"page","link":"https:\/\/www.seencamping.de\/fr\/loisirs\/vous-promener-en-velo\/","title":{"rendered":"En v\u00e9lo"},"content":{"rendered":"<p>Si vous aimez\u00a0vous promener en\u00a0v\u00e9lo, le lac d&rsquo;Ablach est un merveilleux point de d\u00e9part pour\u00a0de longs tours\u00a0en v\u00e9lo.<\/p>\n<p>Vous pouvez par exemple rejoindre la Haute Vall\u00e9 du Danube en quelques kilom\u00e8tres par <a href=\"http:\/\/www.danube-lake-constance-route.com\/\">l&rsquo;itin\u00e9raire de randonn\u00e9e cycliste Danube &#8211; Lac de Constance<\/a> qui longe le camping. Le lac de Constance se trouve \u00e0 40 km du camping. Un autre 500 km de pistes cyclables sont disponibles \u00e0 partir\u00a0de notre\u00a0camping.<\/p>\n<p>A la r\u00e9ception, nous\u00a0tenons \u00e0 votre disposition\u00a0des cartes v\u00e9lo, kit de r\u00e9paration de v\u00e9los et de nombreux autres outils.<\/p>\n","protected":false},"excerpt":{"rendered":"<p>Si vous aimez\u00a0vous promener en\u00a0v\u00e9lo, le lac d&rsquo;Ablach est un merveilleux point de d\u00e9part pour\u00a0de longs tours\u00a0en v\u00e9lo. Vous pouvez par exemple rejoindre la Haute Vall\u00e9 du Danube en quelques kilom\u00e8tres par l&rsquo;itin\u00e9raire de randonn\u00e9e cycliste Danube &#8211; Lac de Constance qui longe le camping. Le lac de Constance se trouve \u00e0 40 km du [&hellip;]<\/p>\n","protected":false},"author":8,"featured_media":0,"parent":1192,"menu_order":2,"comment_status":"open","ping_status":"open","template":"","meta":{"footnotes":""},"class_list":["post-1209","page","type-page","status-publish","hentry"],"yoast_head":"<!-- This site is optimized with the Yoast SEO plugin v27.2 - https:\/\/yoast.com\/product\/yoast-seo-wordpress\/ -->\n<title>vous promener en v\u00e9lo<\/title>\n<meta name=\"description\" content=\"le lac d&#039;Ablach est un merveilleux point de d\u00e9part pour vous promener en v\u00e9lo. L&#039;itin\u00e9raire cycliste Danube - Lac de Constance longe le camping.\" \/>\n<meta name=\"robots\" content=\"index, follow, max-snippet:-1, max-image-preview:large, max-video-preview:-1\" \/>\n<link rel=\"canonical\" href=\"https:\/\/www.seencamping.de\/fr\/loisirs\/vous-promener-en-velo\/\" \/>\n<meta property=\"og:locale\" content=\"fr_FR\" \/>\n<meta property=\"og:type\" content=\"article\" \/>\n<meta property=\"og:title\" content=\"vous promener en v\u00e9lo\" \/>\n<meta property=\"og:description\" content=\"le lac d&#039;Ablach est un merveilleux point de d\u00e9part pour vous promener en v\u00e9lo. L&#039;itin\u00e9raire cycliste Danube - Lac de Constance longe le camping.\" \/>\n<meta property=\"og:url\" content=\"https:\/\/www.seencamping.de\/fr\/loisirs\/vous-promener-en-velo\/\" \/>\n<meta property=\"og:site_name\" content=\"Seencamping Krauchenwies\" \/>\n<meta property=\"article:publisher\" content=\"https:\/\/www.facebook.com\/pages\/Seencamping-Krauchenwies\/1450470331923154?fref=ts\" \/>\n<meta property=\"article:modified_time\" content=\"2022-06-22T15:46:59+00:00\" \/>\n<meta name=\"twitter:label1\" content=\"Dur\u00e9e de lecture estim\u00e9e\" \/>\n\t<meta name=\"twitter:data1\" content=\"1 minute\" \/>\n<script type=\"application\/ld+json\" class=\"yoast-schema-graph\">{\"@context\":\"https:\/\/schema.org\",\"@graph\":[{\"@type\":\"WebPage\",\"@id\":\"https:\/\/www.seencamping.de\/fr\/loisirs\/vous-promener-en-velo\/\",\"url\":\"https:\/\/www.seencamping.de\/fr\/loisirs\/vous-promener-en-velo\/\",\"name\":\"vous promener en v\u00e9lo\",\"isPartOf\":{\"@id\":\"https:\/\/www.seencamping.de\/fr\/#website\"},\"datePublished\":\"2016-04-28T10:21:04+00:00\",\"dateModified\":\"2022-06-22T15:46:59+00:00\",\"description\":\"le lac d'Ablach est un merveilleux point de d\u00e9part pour vous promener en v\u00e9lo. L'itin\u00e9raire cycliste Danube - Lac de Constance longe le camping.\",\"breadcrumb\":{\"@id\":\"https:\/\/www.seencamping.de\/fr\/loisirs\/vous-promener-en-velo\/#breadcrumb\"},\"inLanguage\":\"fr-FR\",\"potentialAction\":[{\"@type\":\"ReadAction\",\"target\":[\"https:\/\/www.seencamping.de\/fr\/loisirs\/vous-promener-en-velo\/\"]}]},{\"@type\":\"BreadcrumbList\",\"@id\":\"https:\/\/www.seencamping.de\/fr\/loisirs\/vous-promener-en-velo\/#breadcrumb\",\"itemListElement\":[{\"@type\":\"ListItem\",\"position\":1,\"name\":\"Home\",\"item\":\"https:\/\/www.seencamping.de\/fr\/\"},{\"@type\":\"ListItem\",\"position\":2,\"name\":\"Loisirs\",\"item\":\"https:\/\/www.seencamping.de\/fr\/loisirs\/\"},{\"@type\":\"ListItem\",\"position\":3,\"name\":\"En v\u00e9lo\"}]},{\"@type\":\"WebSite\",\"@id\":\"https:\/\/www.seencamping.de\/fr\/#website\",\"url\":\"https:\/\/www.seencamping.de\/fr\/\",\"name\":\"Seencamping Krauchenwies\",\"description\":\"Urlaub am Ablacher See auf der Schw\u00e4bischen Alb\",\"potentialAction\":[{\"@type\":\"SearchAction\",\"target\":{\"@type\":\"EntryPoint\",\"urlTemplate\":\"https:\/\/www.seencamping.de\/fr\/?s={search_term_string}\"},\"query-input\":{\"@type\":\"PropertyValueSpecification\",\"valueRequired\":true,\"valueName\":\"search_term_string\"}}],\"inLanguage\":\"fr-FR\"}]}<\/script>\n<!-- \/ Yoast SEO plugin. -->","yoast_head_json":{"title":"vous promener en v\u00e9lo","description":"le lac d'Ablach est un merveilleux point de d\u00e9part pour vous promener en v\u00e9lo. L'itin\u00e9raire cycliste Danube - Lac de Constance longe le camping.","robots":{"index":"index","follow":"follow","max-snippet":"max-snippet:-1","max-image-preview":"max-image-preview:large","max-video-preview":"max-video-preview:-1"},"canonical":"https:\/\/www.seencamping.de\/fr\/loisirs\/vous-promener-en-velo\/","og_locale":"fr_FR","og_type":"article","og_title":"vous promener en v\u00e9lo","og_description":"le lac d'Ablach est un merveilleux point de d\u00e9part pour vous promener en v\u00e9lo. L'itin\u00e9raire cycliste Danube - Lac de Constance longe le camping.","og_url":"https:\/\/www.seencamping.de\/fr\/loisirs\/vous-promener-en-velo\/","og_site_name":"Seencamping Krauchenwies","article_publisher":"https:\/\/www.facebook.com\/pages\/Seencamping-Krauchenwies\/1450470331923154?fref=ts","article_modified_time":"2022-06-22T15:46:59+00:00","twitter_misc":{"Dur\u00e9e de lecture estim\u00e9e":"1 minute"},"schema":{"@context":"https:\/\/schema.org","@graph":[{"@type":"WebPage","@id":"https:\/\/www.seencamping.de\/fr\/loisirs\/vous-promener-en-velo\/","url":"https:\/\/www.seencamping.de\/fr\/loisirs\/vous-promener-en-velo\/","name":"vous promener en v\u00e9lo","isPartOf":{"@id":"https:\/\/www.seencamping.de\/fr\/#website"},"datePublished":"2016-04-28T10:21:04+00:00","dateModified":"2022-06-22T15:46:59+00:00","description":"le lac d'Ablach est un merveilleux point de d\u00e9part pour vous promener en v\u00e9lo. L'itin\u00e9raire cycliste Danube - Lac de Constance longe le camping.","breadcrumb":{"@id":"https:\/\/www.seencamping.de\/fr\/loisirs\/vous-promener-en-velo\/#breadcrumb"},"inLanguage":"fr-FR","potentialAction":[{"@type":"ReadAction","target":["https:\/\/www.seencamping.de\/fr\/loisirs\/vous-promener-en-velo\/"]}]},{"@type":"BreadcrumbList","@id":"https:\/\/www.seencamping.de\/fr\/loisirs\/vous-promener-en-velo\/#breadcrumb","itemListElement":[{"@type":"ListItem","position":1,"name":"Home","item":"https:\/\/www.seencamping.de\/fr\/"},{"@type":"ListItem","position":2,"name":"Loisirs","item":"https:\/\/www.seencamping.de\/fr\/loisirs\/"},{"@type":"ListItem","position":3,"name":"En v\u00e9lo"}]},{"@type":"WebSite","@id":"https:\/\/www.seencamping.de\/fr\/#website","url":"https:\/\/www.seencamping.de\/fr\/","name":"Seencamping Krauchenwies","description":"Urlaub am Ablacher See auf der Schw\u00e4bischen Alb","potentialAction":[{"@type":"SearchAction","target":{"@type":"EntryPoint","urlTemplate":"https:\/\/www.seencamping.de\/fr\/?s={search_term_string}"},"query-input":{"@type":"PropertyValueSpecification","valueRequired":true,"valueName":"search_term_string"}}],"inLanguage":"fr-FR"}]}},"_links":{"self":[{"href":"https:\/\/www.seencamping.de\/fr\/wp-json\/wp\/v2\/pages\/1209","targetHints":{"allow":["GET"]}}],"collection":[{"href":"https:\/\/www.seencamping.de\/fr\/wp-json\/wp\/v2\/pages"}],"about":[{"href":"https:\/\/www.seencamping.de\/fr\/wp-json\/wp\/v2\/types\/page"}],"author":[{"embeddable":true,"href":"https:\/\/www.seencamping.de\/fr\/wp-json\/wp\/v2\/users\/8"}],"replies":[{"embeddable":true,"href":"https:\/\/www.seencamping.de\/fr\/wp-json\/wp\/v2\/comments?post=1209"}],"version-history":[{"count":0,"href":"https:\/\/www.seencamping.de\/fr\/wp-json\/wp\/v2\/pages\/1209\/revisions"}],"up":[{"embeddable":true,"href":"https:\/\/www.seencamping.de\/fr\/wp-json\/wp\/v2\/pages\/1192"}],"wp:attachment":[{"href":"https:\/\/www.seencamping.de\/fr\/wp-json\/wp\/v2\/media?parent=1209"}],"curies":[{"name":"wp","href":"https:\/\/api.w.org\/{rel}","templated":true}]}}