{"id":1192,"date":"2014-08-13T14:31:27","date_gmt":"2014-08-13T12:31:27","guid":{"rendered":"http:\/\/www.seencamping.de\/fr\/?page_id=1192"},"modified":"2025-08-13T17:10:06","modified_gmt":"2025-08-13T15:10:06","slug":"loisirs","status":"publish","type":"page","link":"https:\/\/www.seencamping.de\/fr\/loisirs\/","title":{"rendered":"Loisirs"},"content":{"rendered":"<div id='full_slider_1'  class='avia-fullwidth-slider main_color avia-shadow   avia-builder-el-0  el_before_av_heading  avia-builder-el-first   container_wrap sidebar_right'  ><div  class='avia-slideshow av-jvpd0d12-dae641f1bff3dfab50353db2972d1938 avia-slideshow-featured av_slideshow_full avia-slide-slider av-slideshow-ui av-control-default av-slideshow-autoplay av-loop-endless av-loop-manual-endless av-default-height-applied   avia-slideshow-1' data-slideshow-options=\"{&quot;animation&quot;:&quot;slide&quot;,&quot;autoplay&quot;:true,&quot;loop_autoplay&quot;:&quot;endless&quot;,&quot;interval&quot;:4,&quot;loop_manual&quot;:&quot;manual-endless&quot;,&quot;autoplay_stopper&quot;:false,&quot;noNavigation&quot;:false,&quot;bg_slider&quot;:false,&quot;keep_padding&quot;:false,&quot;hoverpause&quot;:false,&quot;show_slide_delay&quot;:0}\"  itemprop=\"image\" itemscope=\"itemscope\" itemtype=\"https:\/\/schema.org\/ImageObject\" ><ul class='avia-slideshow-inner ' style='padding-bottom: 29.586260733802%;'><li  class='avia-slideshow-slide av-jvpd0d12-dae641f1bff3dfab50353db2972d1938__0  slide-1 slide-odd'><div data-rel='slideshow-1' class='avia-slide-wrap '   ><img decoding=\"async\" fetchpriority=\"high\" class=\"wp-image-4380 avia-img-lazy-loading-not-4380\"  src=\"https:\/\/www.seencamping.de\/wp-content\/uploads\/2019\/05\/Freizeit.jpg\" width=\"1281\" height=\"379\" title='FR Freizeit' alt=''  itemprop=\"thumbnailUrl\" srcset=\"https:\/\/www.seencamping.de\/wp-content\/uploads\/2019\/05\/Freizeit.jpg 1281w, https:\/\/www.seencamping.de\/wp-content\/uploads\/2019\/05\/Freizeit-300x89.jpg 300w, https:\/\/www.seencamping.de\/wp-content\/uploads\/2019\/05\/Freizeit-768x227.jpg 768w, https:\/\/www.seencamping.de\/wp-content\/uploads\/2019\/05\/Freizeit-1030x305.jpg 1030w, https:\/\/www.seencamping.de\/wp-content\/uploads\/2019\/05\/Freizeit-705x209.jpg 705w, https:\/\/www.seencamping.de\/wp-content\/uploads\/2019\/05\/Freizeit-450x133.jpg 450w\" sizes=\"(max-width: 1281px) 100vw, 1281px\" \/><\/div><\/li><li  class='avia-slideshow-slide av-jvpd0d12-dae641f1bff3dfab50353db2972d1938__1  slide-2 slide-even'><div data-rel='slideshow-1' class='avia-slide-wrap '   ><img decoding=\"async\" fetchpriority=\"high\" class=\"wp-image-3343 avia-img-lazy-loading-not-3343\"  src=\"https:\/\/www.seencamping.de\/wp-content\/uploads\/2016\/07\/sehensw\u00fcrdigkeiten.jpg\" width=\"1281\" height=\"379\" title='FR Visites culturelles' alt=''  itemprop=\"thumbnailUrl\" srcset=\"https:\/\/www.seencamping.de\/wp-content\/uploads\/2016\/07\/sehensw\u00fcrdigkeiten.jpg 1281w, https:\/\/www.seencamping.de\/wp-content\/uploads\/2016\/07\/sehensw\u00fcrdigkeiten-300x89.jpg 300w, https:\/\/www.seencamping.de\/wp-content\/uploads\/2016\/07\/sehensw\u00fcrdigkeiten-768x227.jpg 768w\" sizes=\"(max-width: 1281px) 100vw, 1281px\" \/><\/div><\/li><li  class='avia-slideshow-slide av-jvpd0d12-dae641f1bff3dfab50353db2972d1938__2  slide-3 slide-odd'><div data-rel='slideshow-1' class='avia-slide-wrap '   ><img decoding=\"async\" fetchpriority=\"high\" class=\"wp-image-4388 avia-img-lazy-loading-not-4388\"  src=\"https:\/\/www.seencamping.de\/wp-content\/uploads\/2019\/05\/radfahren-1.jpg\" width=\"1281\" height=\"379\" title='FR radfahren' alt=''  itemprop=\"thumbnailUrl\" srcset=\"https:\/\/www.seencamping.de\/wp-content\/uploads\/2019\/05\/radfahren-1.jpg 1281w, https:\/\/www.seencamping.de\/wp-content\/uploads\/2019\/05\/radfahren-1-300x89.jpg 300w, https:\/\/www.seencamping.de\/wp-content\/uploads\/2019\/05\/radfahren-1-768x227.jpg 768w, https:\/\/www.seencamping.de\/wp-content\/uploads\/2019\/05\/radfahren-1-1030x305.jpg 1030w, https:\/\/www.seencamping.de\/wp-content\/uploads\/2019\/05\/radfahren-1-705x209.jpg 705w, https:\/\/www.seencamping.de\/wp-content\/uploads\/2019\/05\/radfahren-1-450x133.jpg 450w\" sizes=\"(max-width: 1281px) 100vw, 1281px\" \/><\/div><\/li><\/ul><div class='avia-slideshow-arrows avia-slideshow-controls' ><a href='#prev' class='prev-slide  avia-svg-icon avia-font-svg_entypo-fontello' data-av_svg_icon='left-open-big' data-av_iconset='svg_entypo-fontello' tabindex='-1' title=\"Pr\u00e9c\u00e9dent\"><svg version=\"1.1\" xmlns=\"http:\/\/www.w3.org\/2000\/svg\" width=\"15\" height=\"32\" viewBox=\"0 0 15 32\" preserveAspectRatio=\"xMidYMid meet\" aria-labelledby='av-svg-title-1' aria-describedby='av-svg-desc-1' role=\"graphics-symbol\" aria-hidden=\"true\">\n<title id='av-svg-title-1'>Pr\u00e9c\u00e9dent<\/title>\n<desc id='av-svg-desc-1'>Pr\u00e9c\u00e9dent<\/desc>\n<path d=\"M14.464 27.84q0.832 0.832 0 1.536-0.832 0.832-1.536 0l-12.544-12.608q-0.768-0.768 0-1.6l12.544-12.608q0.704-0.832 1.536 0 0.832 0.704 0 1.536l-11.456 11.904z\"><\/path>\n<\/svg><span class='avia_hidden_link_text'>Pr\u00e9c\u00e9dent<\/span><\/a><a href='#next' class='next-slide  avia-svg-icon avia-font-svg_entypo-fontello' data-av_svg_icon='right-open-big' data-av_iconset='svg_entypo-fontello' tabindex='-1' title=\"Suivant\"><svg version=\"1.1\" xmlns=\"http:\/\/www.w3.org\/2000\/svg\" width=\"15\" height=\"32\" viewBox=\"0 0 15 32\" preserveAspectRatio=\"xMidYMid meet\" aria-labelledby='av-svg-title-2' aria-describedby='av-svg-desc-2' role=\"graphics-symbol\" aria-hidden=\"true\">\n<title id='av-svg-title-2'>Suivant<\/title>\n<desc id='av-svg-desc-2'>Suivant<\/desc>\n<path d=\"M0.416 27.84l11.456-11.84-11.456-11.904q-0.832-0.832 0-1.536 0.832-0.832 1.536 0l12.544 12.608q0.768 0.832 0 1.6l-12.544 12.608q-0.704 0.832-1.536 0-0.832-0.704 0-1.536z\"><\/path>\n<\/svg><span class='avia_hidden_link_text'>Suivant<\/span><\/a><\/div><div class='avia-slideshow-dots avia-slideshow-controls'><a href='#1' class='goto-slide active' >1<\/a><a href='#2' class='goto-slide ' >2<\/a><a href='#3' class='goto-slide ' >3<\/a><\/div><\/div><\/div><div id='after_full_slider_1'  class='main_color av_default_container_wrap container_wrap sidebar_right'  ><div class='container av-section-cont-open' ><div class='template-page content  av-content-small alpha units'><div class='post-entry post-entry-type-page post-entry-1192'><div class='entry-content-wrapper clearfix'>\n\n<style type=\"text\/css\" data-created_by=\"avia_inline_auto\" id=\"style-css-av-a51co-90cea0bf76090733a315df16def1ac55\">\n#top .av-special-heading.av-a51co-90cea0bf76090733a315df16def1ac55{\npadding-bottom:10px;\n}\nbody .av-special-heading.av-a51co-90cea0bf76090733a315df16def1ac55 .av-special-heading-tag .heading-char{\nfont-size:25px;\n}\n.av-special-heading.av-a51co-90cea0bf76090733a315df16def1ac55 .av-subheading{\nfont-size:15px;\n}\n<\/style>\n<div  class='av-special-heading av-a51co-90cea0bf76090733a315df16def1ac55 av-special-heading-h1  avia-builder-el-1  el_after_av_slideshow_full  el_before_av_two_third  avia-builder-el-first  av-linked-heading'><h1 class='av-special-heading-tag '  itemprop=\"headline\"  >Loisirs<\/h1><div class=\"special-heading-border\"><div class=\"special-heading-inner-border\"><\/div><\/div><\/div>\n\n<style type=\"text\/css\" data-created_by=\"avia_inline_auto\" id=\"style-css-av-rss4-43e47e8ab17395b11b4dd5875912879f\">\n.flex_column.av-rss4-43e47e8ab17395b11b4dd5875912879f{\nborder-radius:0px 0px 0px 0px;\npadding:0px 0px 0px 0px;\n}\n<\/style>\n<div  class='flex_column av-rss4-43e47e8ab17395b11b4dd5875912879f av_two_third  avia-builder-el-2  el_after_av_heading  el_before_av_one_third  first flex_column_div av-zero-column-padding  '     ><p><section  class='av_textblock_section av-jvpco2p8-fadbc9a2165a4de349b582a3cac77160 '   itemscope=\"itemscope\" itemtype=\"https:\/\/schema.org\/CreativeWork\" ><div class='avia_textblock'  itemprop=\"text\" ><p>Comment aimez-vous passer votre temps libre? Envie de d\u00e9tendre au bord du lac ou de d\u00e9couvrir les environs?<\/p>\n<p>Que ce soit une promenade ou une randonn\u00e9e \u00e0 v\u00e9lo autour du lac, la visite des nombreux monuments culturels cr\u00e9es les Hohenzollern ou un voyage au lac de Constance &#8211; \u00e0 partir du lac d&rsquo;Ablach, vous atteignez en un rien de temps les sites touristiques et les activit\u00e9s que la Vall\u00e9e du Danube, le Jura souabe et plus particulier la r\u00e9gion Zollernalb et le lac de Constance ont \u00e0 offrir.<\/p>\n<p>A notre r\u00e9ception nous tenons \u00e0 votre disposition des informations d\u00e9taill\u00e9es sur toutes les activit\u00e9s de loisirs.<\/p>\n<\/div><\/section><br \/>\n\n<style type=\"text\/css\" data-created_by=\"avia_inline_auto\" id=\"style-css-av-jv3vlh85-c314258620528d0454fe570c09c1fe63\">\n#top .hr.hr-invisible.av-jv3vlh85-c314258620528d0454fe570c09c1fe63{\nheight:30px;\n}\n<\/style>\n<div  class='hr av-jv3vlh85-c314258620528d0454fe570c09c1fe63 hr-invisible  avia-builder-el-4  el_after_av_textblock  el_before_av_masonry_gallery  avia-builder-el-last '><span class='hr-inner '><span class=\"hr-inner-style\"><\/span><\/span><\/div><br \/>\n<div id='av-masonry-1' class='av-masonry av-jvpcyhve-6c0dfb183aeb5317bc794868de31c7ac noHover av-fixed-size av-1px-gap av-hover-overlay- av-masonry-animation- av-masonry-col-2 av-caption-always av-caption-style- av-masonry-gallery ' data-post_id=\"1192\"><div class=\"av-masonry-container isotope av-js-disabled\"><div class='av-masonry-entry isotope-item av-masonry-item-no-image '><\/div><a href=\"https:\/\/www.seencamping.de\/fr\/loisirs\/activites\/\"  aria-label=\"image FR Seencamping\"  target=\"_blank\" rel=\"noopener noreferrer\" id='av-masonry-1-item-3187' data-av-masonry-item='3187' class='av-masonry-entry isotope-item post-3187 attachment type-attachment status-inherit hentry  av-masonry-item-with-image' title=\"FR Seencamping\" alt=\"\"  data-av-masonry-custom-link=\"https:\/\/www.seencamping.de\/fr\/loisirs\/activites\/\"  itemprop=\"thumbnailUrl\" ><div class='av-inner-masonry-sizer'><\/div><figure class='av-inner-masonry main_color'><div class=\"av-masonry-outerimage-container\"><div class='av-masonry-image-container' style=\"background-image: url(https:\/\/www.seencamping.de\/wp-content\/uploads\/2016\/05\/seencamping11.jpg);\"  title=\"FR Seencamping\" ><\/div><\/div><figcaption class='av-inner-masonry-content site-background'><div class='av-inner-masonry-content-pos'><div class='av-inner-masonry-content-pos-content'><div class='avia-arrow'><\/div><div class='av-masonry-entry-content entry-content'  itemprop=\"text\" >Baignades<\/div><\/div><\/div><\/figcaption><\/figure><\/a><!--end av-masonry entry--><a href=\"https:\/\/www.seencamping.de\/fr\/loisirs\/activites\/\"  aria-label=\"image FR Fietsen\"  target=\"_blank\" rel=\"noopener noreferrer\" id='av-masonry-1-item-4591' data-av-masonry-item='4591' class='av-masonry-entry isotope-item post-4591 attachment type-attachment status-inherit hentry  av-masonry-item-with-image' title=\"FR Fietsen\" alt=\"\"  data-av-masonry-custom-link=\"https:\/\/www.seencamping.de\/fr\/loisirs\/activites\/\"  itemprop=\"thumbnailUrl\" ><div class='av-inner-masonry-sizer'><\/div><figure class='av-inner-masonry main_color'><div class=\"av-masonry-outerimage-container\"><div class='av-masonry-image-container' style=\"background-image: url(https:\/\/www.seencamping.de\/wp-content\/uploads\/2019\/05\/impressionen11-705x523.png);\"  title=\"FR Fietsen\" ><\/div><\/div><figcaption class='av-inner-masonry-content site-background'><div class='av-inner-masonry-content-pos'><div class='av-inner-masonry-content-pos-content'><div class='avia-arrow'><\/div><div class='av-masonry-entry-content entry-content'  itemprop=\"text\" >Randonn\u00e9es \u00e0 v\u00e9lo<\/div><\/div><\/div><\/figcaption><\/figure><\/a><!--end av-masonry entry--><a href=\"https:\/\/www.seencamping.de\/fr\/loisirs\/activites\/\"  aria-label=\"image FR Hohenzollern Castle Sigmaringen\"  target=\"_blank\" rel=\"noopener noreferrer\" id='av-masonry-1-item-3634' data-av-masonry-item='3634' class='av-masonry-entry isotope-item post-3634 attachment type-attachment status-inherit hentry  av-masonry-item-with-image' title=\"FR Hohenzollern Castle Sigmaringen\" alt=\"\"  data-av-masonry-custom-link=\"https:\/\/www.seencamping.de\/fr\/loisirs\/activites\/\"  itemprop=\"thumbnailUrl\" ><div class='av-inner-masonry-sizer'><\/div><figure class='av-inner-masonry main_color'><div class=\"av-masonry-outerimage-container\"><div class='av-masonry-image-container' style=\"background-image: url(https:\/\/www.seencamping.de\/wp-content\/uploads\/2018\/04\/impressionen_41.jpg);\"  title=\"FR Hohenzollern Castle Sigmaringen\" ><\/div><\/div><figcaption class='av-inner-masonry-content site-background'><div class='av-inner-masonry-content-pos'><div class='av-inner-masonry-content-pos-content'><div class='avia-arrow'><\/div><div class='av-masonry-entry-content entry-content'  itemprop=\"text\" >Visites culturelles<\/div><\/div><\/div><\/figcaption><\/figure><\/a><!--end av-masonry entry--><a href=\"https:\/\/www.seencamping.de\/fr\/loisirs\/activites\/\"  aria-label=\"image FR Lake Constance Island Mainau\"  target=\"_blank\" rel=\"noopener noreferrer\" id='av-masonry-1-item-3888' data-av-masonry-item='3888' class='av-masonry-entry isotope-item post-3888 attachment type-attachment status-inherit hentry  av-masonry-item-with-image' title=\"FR Lake Constance Island Mainau\" alt=\"\"  data-av-masonry-custom-link=\"https:\/\/www.seencamping.de\/fr\/loisirs\/activites\/\"  itemprop=\"thumbnailUrl\" ><div class='av-inner-masonry-sizer'><\/div><figure class='av-inner-masonry main_color'><div class=\"av-masonry-outerimage-container\"><div class='av-masonry-image-container' style=\"background-image: url(https:\/\/www.seencamping.de\/wp-content\/uploads\/2019\/04\/mainau_spring-87013_1920-705x470.jpg);\"  title=\"FR Lake Constance Island Mainau\" ><\/div><\/div><figcaption class='av-inner-masonry-content site-background'><div class='av-inner-masonry-content-pos'><div class='av-inner-masonry-content-pos-content'><div class='avia-arrow'><\/div><div class='av-masonry-entry-content entry-content'  itemprop=\"text\" >Excursions<\/div><\/div><\/div><\/figcaption><\/figure><\/a><!--end av-masonry entry--><\/div><\/div><\/p><\/div>\n\n<style type=\"text\/css\" data-created_by=\"avia_inline_auto\" id=\"style-css-av-4gjyc-c49da9b08e49700193c6d646cd213ca5\">\n.flex_column.av-4gjyc-c49da9b08e49700193c6d646cd213ca5{\nborder-radius:0px 0px 0px 0px;\npadding:0px 0px 0px 0px;\n}\n<\/style>\n<div  class='flex_column av-4gjyc-c49da9b08e49700193c6d646cd213ca5 av_one_third  avia-builder-el-6  el_after_av_two_third  avia-builder-el-last  flex_column_div av-zero-column-padding  '     ><p><section  class='av_textblock_section av-jv3vkdix-ab783f802fa94b30907e8881d6fd6f02 '   itemscope=\"itemscope\" itemtype=\"https:\/\/schema.org\/CreativeWork\" ><div class='avia_textblock'  itemprop=\"text\" ><p><img loading=\"lazy\" decoding=\"async\" class=\"alignnone size-medium wp-image-1614\" src=\"https:\/\/www.seencamping.de\/wp-content\/uploads\/2017\/03\/Logo_seencamping_Nov16.jpg\" alt=\"\" width=\"101\" height=\"113\" \/><\/p>\n<p>Ablacher Stra\u00dfe 4<br \/>\n72505 Krauchenwies<br \/>\nAllemagne<\/p>\n<\/div><\/section><br \/>\n\n<style type=\"text\/css\" data-created_by=\"avia_inline_auto\" id=\"style-css-av-jv3vlh85-3-5e3c0439f519df6e083e5ac7c6d5a351\">\n#top .hr.hr-invisible.av-jv3vlh85-3-5e3c0439f519df6e083e5ac7c6d5a351{\nheight:20px;\n}\n<\/style>\n<div  class='hr av-jv3vlh85-3-5e3c0439f519df6e083e5ac7c6d5a351 hr-invisible  avia-builder-el-8  el_after_av_textblock  el_before_av_icon_box '><span class='hr-inner '><span class=\"hr-inner-style\"><\/span><\/span><\/div><br \/>\n\n<style type=\"text\/css\" data-created_by=\"avia_inline_auto\" id=\"style-css-av-av_icon_box-7bbe08184bfff106cbf61baf1108c32d\">\n.iconbox.av-av_icon_box-7bbe08184bfff106cbf61baf1108c32d .iconbox_icon{\nbackground-color:#26b2d1;\ncolor:#ffffff;\n}\n.iconbox.av-av_icon_box-7bbe08184bfff106cbf61baf1108c32d .iconbox_icon.avia-svg-icon svg:first-child{\nfill:#ffffff;\nstroke:#ffffff;\n}\n<\/style>\n<article  class='iconbox iconbox_left av-av_icon_box-7bbe08184bfff106cbf61baf1108c32d  avia-builder-el-9  el_after_av_hr  el_before_av_icon_box '  itemscope=\"itemscope\" itemtype=\"https:\/\/schema.org\/CreativeWork\" ><div class=\"iconbox_content\"><header class=\"entry-content-header\" aria-label=\"Ic\u00f4ne : \"><div class='iconbox_icon heading-color avia-iconfont avia-font-entypo-fontello' data-av_icon='\ue854' data-av_iconfont='entypo-fontello'  ><\/div><\/header><div class='iconbox_content_container '  itemprop=\"text\" ><p><a href=\"tel:+4975769615706\" target=\"_blank\" rel=\"noopener\"><span style=\"color: #000000;\">+49 (0)7576 \/ 96 15 706<\/span><\/a><\/p>\n<\/div><\/div><footer class=\"entry-footer\"><\/footer><\/article><br \/>\n\n<style type=\"text\/css\" data-created_by=\"avia_inline_auto\" id=\"style-css-av-av_icon_box-a475fc0230a11f38379aee2addab075e\">\n.iconbox.av-av_icon_box-a475fc0230a11f38379aee2addab075e .iconbox_icon{\nbackground-color:#26b2d1;\ncolor:#ffffff;\n}\n.iconbox.av-av_icon_box-a475fc0230a11f38379aee2addab075e .iconbox_icon.avia-svg-icon svg:first-child{\nfill:#ffffff;\nstroke:#ffffff;\n}\n.iconbox.av-av_icon_box-a475fc0230a11f38379aee2addab075e .iconbox_content_container{\ncolor:#000000;\n}\n<\/style>\n<article  class='iconbox iconbox_left av-av_icon_box-a475fc0230a11f38379aee2addab075e  avia-builder-el-10  el_after_av_icon_box  avia-builder-el-last '  itemscope=\"itemscope\" itemtype=\"https:\/\/schema.org\/CreativeWork\" ><div class=\"iconbox_content\"><header class=\"entry-content-header\" aria-label=\"Ic\u00f4ne : \"><div class='iconbox_icon heading-color avia-iconfont avia-font-entypo-fontello' data-av_icon='\ue805' data-av_iconfont='entypo-fontello'  ><\/div><\/header><div class='iconbox_content_container av_inherit_color'  itemprop=\"text\" ><p><a href=\"mailto:info@seencamping.de\">info@seencamping.de<\/a><\/p>\n<\/div><\/div><footer class=\"entry-footer\"><\/footer><\/article><\/p><\/div>\n","protected":false},"excerpt":{"rendered":"","protected":false},"author":8,"featured_media":0,"parent":0,"menu_order":3,"comment_status":"open","ping_status":"open","template":"","meta":{"footnotes":""},"class_list":["post-1192","page","type-page","status-publish","hentry"],"yoast_head":"<!-- This site is optimized with the Yoast SEO plugin v27.2 - https:\/\/yoast.com\/product\/yoast-seo-wordpress\/ -->\n<title>Loisirs - Seencamping Krauchenwies<\/title>\n<meta name=\"description\" content=\"\u00e0 partir du lac d&#039;Ablach, vous atteignez en un rien de temps les sites touristiques et les activit\u00e9s que la Vall\u00e9e du Danube, le Jura souabe et plus particulier la r\u00e9gion Zollernalb et le lac de Constance ont \u00e0 offrir.\" \/>\n<meta name=\"robots\" content=\"index, follow, max-snippet:-1, max-image-preview:large, max-video-preview:-1\" \/>\n<link rel=\"canonical\" href=\"https:\/\/www.seencamping.de\/fr\/loisirs\/\" \/>\n<meta property=\"og:locale\" content=\"fr_FR\" \/>\n<meta property=\"og:type\" content=\"article\" \/>\n<meta property=\"og:title\" content=\"Loisirs - Seencamping Krauchenwies\" \/>\n<meta property=\"og:description\" content=\"\u00e0 partir du lac d&#039;Ablach, vous atteignez en un rien de temps les sites touristiques et les activit\u00e9s que la Vall\u00e9e du Danube, le Jura souabe et plus particulier la r\u00e9gion Zollernalb et le lac de Constance ont \u00e0 offrir.\" \/>\n<meta property=\"og:url\" content=\"https:\/\/www.seencamping.de\/fr\/loisirs\/\" \/>\n<meta property=\"og:site_name\" content=\"Seencamping Krauchenwies\" \/>\n<meta property=\"article:publisher\" content=\"https:\/\/www.facebook.com\/pages\/Seencamping-Krauchenwies\/1450470331923154?fref=ts\" \/>\n<meta property=\"article:modified_time\" content=\"2025-08-13T15:10:06+00:00\" \/>\n<meta name=\"twitter:label1\" content=\"Dur\u00e9e de lecture estim\u00e9e\" \/>\n\t<meta name=\"twitter:data1\" content=\"2 minutes\" \/>\n<script type=\"application\/ld+json\" class=\"yoast-schema-graph\">{\"@context\":\"https:\/\/schema.org\",\"@graph\":[{\"@type\":\"WebPage\",\"@id\":\"https:\/\/www.seencamping.de\/fr\/loisirs\/\",\"url\":\"https:\/\/www.seencamping.de\/fr\/loisirs\/\",\"name\":\"Loisirs - Seencamping Krauchenwies\",\"isPartOf\":{\"@id\":\"https:\/\/www.seencamping.de\/fr\/#website\"},\"primaryImageOfPage\":{\"@id\":\"https:\/\/www.seencamping.de\/fr\/loisirs\/#primaryimage\"},\"image\":{\"@id\":\"https:\/\/www.seencamping.de\/fr\/loisirs\/#primaryimage\"},\"thumbnailUrl\":\"https:\/\/www.seencamping.de\/wp-content\/uploads\/2017\/03\/Logo_seencamping_Nov16.jpg\",\"datePublished\":\"2014-08-13T12:31:27+00:00\",\"dateModified\":\"2025-08-13T15:10:06+00:00\",\"description\":\"\u00e0 partir du lac d'Ablach, vous atteignez en un rien de temps les sites touristiques et les activit\u00e9s que la Vall\u00e9e du Danube, le Jura souabe et plus particulier la r\u00e9gion Zollernalb et le lac de Constance ont \u00e0 offrir.\",\"breadcrumb\":{\"@id\":\"https:\/\/www.seencamping.de\/fr\/loisirs\/#breadcrumb\"},\"inLanguage\":\"fr-FR\",\"potentialAction\":[{\"@type\":\"ReadAction\",\"target\":[\"https:\/\/www.seencamping.de\/fr\/loisirs\/\"]}]},{\"@type\":\"ImageObject\",\"inLanguage\":\"fr-FR\",\"@id\":\"https:\/\/www.seencamping.de\/fr\/loisirs\/#primaryimage\",\"url\":\"https:\/\/www.seencamping.de\/wp-content\/uploads\/2017\/03\/Logo_seencamping_Nov16.jpg\",\"contentUrl\":\"https:\/\/www.seencamping.de\/wp-content\/uploads\/2017\/03\/Logo_seencamping_Nov16.jpg\"},{\"@type\":\"BreadcrumbList\",\"@id\":\"https:\/\/www.seencamping.de\/fr\/loisirs\/#breadcrumb\",\"itemListElement\":[{\"@type\":\"ListItem\",\"position\":1,\"name\":\"Home\",\"item\":\"https:\/\/www.seencamping.de\/fr\/\"},{\"@type\":\"ListItem\",\"position\":2,\"name\":\"Loisirs\"}]},{\"@type\":\"WebSite\",\"@id\":\"https:\/\/www.seencamping.de\/fr\/#website\",\"url\":\"https:\/\/www.seencamping.de\/fr\/\",\"name\":\"Seencamping Krauchenwies\",\"description\":\"Urlaub am Ablacher See auf der Schw\u00e4bischen Alb\",\"potentialAction\":[{\"@type\":\"SearchAction\",\"target\":{\"@type\":\"EntryPoint\",\"urlTemplate\":\"https:\/\/www.seencamping.de\/fr\/?s={search_term_string}\"},\"query-input\":{\"@type\":\"PropertyValueSpecification\",\"valueRequired\":true,\"valueName\":\"search_term_string\"}}],\"inLanguage\":\"fr-FR\"}]}<\/script>\n<!-- \/ Yoast SEO plugin. -->","yoast_head_json":{"title":"Loisirs - Seencamping Krauchenwies","description":"\u00e0 partir du lac d'Ablach, vous atteignez en un rien de temps les sites touristiques et les activit\u00e9s que la Vall\u00e9e du Danube, le Jura souabe et plus particulier la r\u00e9gion Zollernalb et le lac de Constance ont \u00e0 offrir.","robots":{"index":"index","follow":"follow","max-snippet":"max-snippet:-1","max-image-preview":"max-image-preview:large","max-video-preview":"max-video-preview:-1"},"canonical":"https:\/\/www.seencamping.de\/fr\/loisirs\/","og_locale":"fr_FR","og_type":"article","og_title":"Loisirs - Seencamping Krauchenwies","og_description":"\u00e0 partir du lac d'Ablach, vous atteignez en un rien de temps les sites touristiques et les activit\u00e9s que la Vall\u00e9e du Danube, le Jura souabe et plus particulier la r\u00e9gion Zollernalb et le lac de Constance ont \u00e0 offrir.","og_url":"https:\/\/www.seencamping.de\/fr\/loisirs\/","og_site_name":"Seencamping Krauchenwies","article_publisher":"https:\/\/www.facebook.com\/pages\/Seencamping-Krauchenwies\/1450470331923154?fref=ts","article_modified_time":"2025-08-13T15:10:06+00:00","twitter_misc":{"Dur\u00e9e de lecture estim\u00e9e":"2 minutes"},"schema":{"@context":"https:\/\/schema.org","@graph":[{"@type":"WebPage","@id":"https:\/\/www.seencamping.de\/fr\/loisirs\/","url":"https:\/\/www.seencamping.de\/fr\/loisirs\/","name":"Loisirs - Seencamping Krauchenwies","isPartOf":{"@id":"https:\/\/www.seencamping.de\/fr\/#website"},"primaryImageOfPage":{"@id":"https:\/\/www.seencamping.de\/fr\/loisirs\/#primaryimage"},"image":{"@id":"https:\/\/www.seencamping.de\/fr\/loisirs\/#primaryimage"},"thumbnailUrl":"https:\/\/www.seencamping.de\/wp-content\/uploads\/2017\/03\/Logo_seencamping_Nov16.jpg","datePublished":"2014-08-13T12:31:27+00:00","dateModified":"2025-08-13T15:10:06+00:00","description":"\u00e0 partir du lac d'Ablach, vous atteignez en un rien de temps les sites touristiques et les activit\u00e9s que la Vall\u00e9e du Danube, le Jura souabe et plus particulier la r\u00e9gion Zollernalb et le lac de Constance ont \u00e0 offrir.","breadcrumb":{"@id":"https:\/\/www.seencamping.de\/fr\/loisirs\/#breadcrumb"},"inLanguage":"fr-FR","potentialAction":[{"@type":"ReadAction","target":["https:\/\/www.seencamping.de\/fr\/loisirs\/"]}]},{"@type":"ImageObject","inLanguage":"fr-FR","@id":"https:\/\/www.seencamping.de\/fr\/loisirs\/#primaryimage","url":"https:\/\/www.seencamping.de\/wp-content\/uploads\/2017\/03\/Logo_seencamping_Nov16.jpg","contentUrl":"https:\/\/www.seencamping.de\/wp-content\/uploads\/2017\/03\/Logo_seencamping_Nov16.jpg"},{"@type":"BreadcrumbList","@id":"https:\/\/www.seencamping.de\/fr\/loisirs\/#breadcrumb","itemListElement":[{"@type":"ListItem","position":1,"name":"Home","item":"https:\/\/www.seencamping.de\/fr\/"},{"@type":"ListItem","position":2,"name":"Loisirs"}]},{"@type":"WebSite","@id":"https:\/\/www.seencamping.de\/fr\/#website","url":"https:\/\/www.seencamping.de\/fr\/","name":"Seencamping Krauchenwies","description":"Urlaub am Ablacher See auf der Schw\u00e4bischen Alb","potentialAction":[{"@type":"SearchAction","target":{"@type":"EntryPoint","urlTemplate":"https:\/\/www.seencamping.de\/fr\/?s={search_term_string}"},"query-input":{"@type":"PropertyValueSpecification","valueRequired":true,"valueName":"search_term_string"}}],"inLanguage":"fr-FR"}]}},"_links":{"self":[{"href":"https:\/\/www.seencamping.de\/fr\/wp-json\/wp\/v2\/pages\/1192","targetHints":{"allow":["GET"]}}],"collection":[{"href":"https:\/\/www.seencamping.de\/fr\/wp-json\/wp\/v2\/pages"}],"about":[{"href":"https:\/\/www.seencamping.de\/fr\/wp-json\/wp\/v2\/types\/page"}],"author":[{"embeddable":true,"href":"https:\/\/www.seencamping.de\/fr\/wp-json\/wp\/v2\/users\/8"}],"replies":[{"embeddable":true,"href":"https:\/\/www.seencamping.de\/fr\/wp-json\/wp\/v2\/comments?post=1192"}],"version-history":[{"count":5,"href":"https:\/\/www.seencamping.de\/fr\/wp-json\/wp\/v2\/pages\/1192\/revisions"}],"predecessor-version":[{"id":14882,"href":"https:\/\/www.seencamping.de\/fr\/wp-json\/wp\/v2\/pages\/1192\/revisions\/14882"}],"wp:attachment":[{"href":"https:\/\/www.seencamping.de\/fr\/wp-json\/wp\/v2\/media?parent=1192"}],"curies":[{"name":"wp","href":"https:\/\/api.w.org\/{rel}","templated":true}]}}